{"id":17293,"date":"2021-05-02T22:01:37","date_gmt":"2021-05-02T20:01:37","guid":{"rendered":"https:\/\/institutfrancais.sk\/?page_id=17293"},"modified":"2022-03-17T16:55:35","modified_gmt":"2022-03-17T15:55:35","slug":"orthodidacte-cours-francais-en-ligne","status":"publish","type":"page","link":"https:\/\/institutfrancais.sk\/fr\/orthodidacte-cours-francais-en-ligne\/","title":{"rendered":"Orthodidacte : cours de fran\u00e7ais en ligne"},"content":{"rendered":"\n<h2 class=\"wp-block-heading\">Orthodidacte est votre alli\u00e9 pour apprendre et perfectionner votre fran\u00e7ais en toute autonomie !<\/h2>\n\n\n\n<p>Orthodidacte est une plateforme d\u00e9di\u00e9e \u00e0 l\u2019apprentissage et au perfectionnement de la langue fran\u00e7aise. La plateforme propose un parcours adaptatif favorisant la m\u00e9morisation et concentrant les efforts sur les zones de fragilit\u00e9 de l\u2019apprenant et \u00e0 la fois un parcours de formation personnalis\u00e9, con\u00e7u pour am\u00e9liorer de mani\u00e8re ludique et p\u00e9renne sa communication \u00e9crite.<\/p>\n\n\n<div class=\"space xxs\"><\/div>\n\n\n<ul><li>Parcours <strong>individualis\u00e9 <\/strong>\u00e0 la suite du positionnement (\u00e9valuation &#8211;&nbsp;diagnostic)<\/li><li>Suivi de la <strong>progression<\/strong><\/li><li><strong>Efficace<\/strong>&nbsp;avec des courtes sessions 2-3 par semaine<\/li><li>Acc\u00e8s <strong>facile<\/strong> car disponible sur tous les \u00e9crans<\/li><\/ul>\n\n\n<div class=\"space sm\"><\/div>\n\n\n<h2 class=\"wp-block-heading\">D\u00e9couvrez les nombreux avantages de la plateforme Orthodidacte !<\/h2>\n\n\n\n<ul><li>Vous entamez votre apprentissage au<strong> niveau le plus appropri\u00e9<\/strong>, diagnostiqu\u00e9 par l\u2019interm\u00e9diaire d\u2019un test de positionnement complet.<\/li><li>Une <strong>approche ludique et interactive<\/strong> et des formes d\u2019apprentissage diversifi\u00e9es pour r\u00e9pondre \u00e0 la singularit\u00e9 de chaque apprenant (vid\u00e9o, QCM, dict\u00e9es, phrases \u00e0 trous, etc.).<\/li><li>Une <strong>correction<\/strong> et une <strong>explication<\/strong> instantan\u00e9es apr\u00e8s validation de la r\u00e9ponse.<\/li><li>De nombreuses <strong>ressources<\/strong>.<\/li><\/ul>\n\n\n<div class=\"space sm\"><\/div>\n\n<div class=\"benefits row text-center\"><div class=\"col-6 col-sm-3\"><img decoding=\"async\" src=\"https:\/\/institutfrancais.sk\/wp-content\/uploads\/2019\/12\/mb1.png\"><div class=\"line-after-title blue\"><\/div><spa class=\"benefits-description\">15&nbsp;000 questions<\/span><\/div><div class=\"col-6 col-sm-3\"><img decoding=\"async\" src=\"https:\/\/institutfrancais.sk\/wp-content\/uploads\/2019\/12\/au1.png\"><div class=\"line-after-title blue\"><\/div><spa class=\"benefits-description\">270 th\u00e8mes<\/span><\/div><div class=\"col-6 col-sm-3\"><img decoding=\"async\" src=\"https:\/\/institutfrancais.sk\/wp-content\/uploads\/2019\/12\/mb4.png\"><div class=\"line-after-title blue\"><\/div><spa class=\"benefits-description\">Sur tous vos \u00e9crans<\/span><\/div><div class=\"col-6 col-sm-3\"><img decoding=\"async\" src=\"https:\/\/institutfrancais.sk\/wp-content\/uploads\/2020\/01\/student_1.png\"><div class=\"line-after-title blue\"><\/div><spa class=\"benefits-description\">10 formes d&rsquo;exercice<\/span><\/div><\/div>\n\n<div class=\"space sm\"><\/div>\n\n\n<p><em>Le contenu (exercices et activit\u00e9s) de la plateforme est disponible uniquement en fran\u00e7ais tandis que l&rsquo;interface structurelle de votre compte peut \u00eatre param\u00e9tr\u00e9e en trois langues : fran\u00e7ais, anglais et allemand. <\/em><\/p>\n\n\n<div class=\"space sm\"><\/div>\n\n\n<h2 class=\"wp-block-heading\">Testez gratuitement votre niveau et les activit\u00e9s pendant 48 heures<\/h2>\n\n\n<div class=\"space xs\"><\/div>\n\n<div class=\"text-center\"><a href=\"https:\/\/if.orthodidacte.com\/index.html#\/tokenAuthentication\/register?refProduct=CF-NFLE-ENT-EVAL&#038;spaceId=4623\" class=\"btn btn-black-invert\" target=\"blank\" rel=\"noreferrer noopener\">Je fais le test<\/a><\/div>\n\n<div class=\"space md\"><\/div>\n\n\n<h2 class=\"wp-block-heading\">Abonnements Orthodidacte<\/h2>\n\n\n<div class=\"space xs\"><\/div>\n\n\n<figure class=\"wp-block-table is-style-regular\"><table><tbody><tr><td>3 mois<\/td><td>6 mois<\/td><td>12 mois<\/td><\/tr><tr><td><strong>33,60&nbsp;\u20ac \/ mois<\/strong><\/td><td><strong>30,00&nbsp;\u20ac \/ mois<\/strong><\/td><td><strong>24,00&nbsp;\u20ac \/ mois<\/strong><\/td><\/tr><\/tbody><\/table><\/figure>\n\n\n<div class=\"space sm\"><\/div>\n\n<div class=\"accordion-menu\"><a href=\"#a1-\" class=\"smooth\"><\/a><\/div><div class=\"accordion\" id=\"a285\"><div class=\"card\"><div class=\"card-header\" id=\"ha285_1\"><h3 class=\"card-opener\"><button class=\"collapsed\" type=\"button\" data-toggle=\"collapse\" data-target=\"#ca285_1\" aria-expanded=\"true\" aria-controls=\"ca285_1\">Abonnement : Orthodidacte Fran\u00e7ais Langue \u00c9trang\u00e8re <span class=\"plus\"><svg viewBox=\"0 0 29 29\" xmlns=\"http:\/\/www.w3.org\/2000\/svg\"><path d=\"M28.2857 12.9286V16.7857C28.2857 17.3214 28.0982 17.7768 27.7232 18.1518C27.3482 18.5268 26.8929 18.7143 26.3571 18.7143H18V27.0714C18 27.6071 17.8125 28.0625 17.4375 28.4375C17.0625 28.8125 16.6071 29 16.0714 29H12.2143C11.6786 29 11.2232 28.8125 10.8482 28.4375C10.4732 28.0625 10.2857 27.6071 10.2857 27.0714V18.7143H1.92857C1.39286 18.7143 0.9375 18.5268 0.5625 18.1518C0.1875 17.7768 0 17.3214 0 16.7857V12.9286C0 12.3929 0.1875 11.9375 0.5625 11.5625C0.9375 11.1875 1.39286 11 1.92857 11H10.2857V2.64286C10.2857 2.10714 10.4732 1.65178 10.8482 1.27678C11.2232 0.901784 11.6786 0.714284 12.2143 0.714284H16.0714C16.6071 0.714284 17.0625 0.901784 17.4375 1.27678C17.8125 1.65178 18 2.10714 18 2.64286V11H26.3571C26.8929 11 27.3482 11.1875 27.7232 11.5625C28.0982 11.9375 28.2857 12.3929 28.2857 12.9286Z\"><\/svg><\/span><span class=\"minus\"><svg viewBox=\"0 0 29 8\" xmlns=\"http:\/\/www.w3.org\/2000\/svg\"><path d=\"M28.2857 1.92857V5.78571C28.2857 6.32143 28.0982 6.77679 27.7232 7.15179C27.3482 7.52679 26.8929 7.71429 26.3571 7.71429H1.92857C1.39286 7.71429 0.9375 7.52679 0.5625 7.15179C0.1875 6.77679 0 6.32143 0 5.78571V1.92857C0 1.39286 0.1875 0.937499 0.5625 0.562499C0.9375 0.1875 1.39286 0 1.92857 0H26.3571C26.8929 0 27.3482 0.1875 27.7232 0.562499C28.0982 0.937499 28.2857 1.39286 28.2857 1.92857Z\"><\/svg><\/span><\/button><\/h3><\/div><div id=\"ca285_1\" class=\"collapse\" aria-labelledby=\"ha285_1\" data-parent=\"#a285\"><div class=\"card-body\"><ul>\n<li>pour les niveaux : A1, A1+, A2, A2+, B1, B1+<\/li>\n<li>publics : les personnes qui aiment le fran\u00e7ais<\/li>\n<li>but : apprendre la langue<\/li>\n<\/ul>\n<\/div><\/div><\/div><div class=\"card\"><div class=\"card-header\" id=\"ha285_2\"><h3 class=\"card-opener\"><button class=\"collapsed\" type=\"button\" data-toggle=\"collapse\" data-target=\"#ca285_2\" aria-expanded=\"true\" aria-controls=\"ca285_2\">Abonnement : Orthodidacte Pro <span class=\"plus\"><svg viewBox=\"0 0 29 29\" xmlns=\"http:\/\/www.w3.org\/2000\/svg\"><path d=\"M28.2857 12.9286V16.7857C28.2857 17.3214 28.0982 17.7768 27.7232 18.1518C27.3482 18.5268 26.8929 18.7143 26.3571 18.7143H18V27.0714C18 27.6071 17.8125 28.0625 17.4375 28.4375C17.0625 28.8125 16.6071 29 16.0714 29H12.2143C11.6786 29 11.2232 28.8125 10.8482 28.4375C10.4732 28.0625 10.2857 27.6071 10.2857 27.0714V18.7143H1.92857C1.39286 18.7143 0.9375 18.5268 0.5625 18.1518C0.1875 17.7768 0 17.3214 0 16.7857V12.9286C0 12.3929 0.1875 11.9375 0.5625 11.5625C0.9375 11.1875 1.39286 11 1.92857 11H10.2857V2.64286C10.2857 2.10714 10.4732 1.65178 10.8482 1.27678C11.2232 0.901784 11.6786 0.714284 12.2143 0.714284H16.0714C16.6071 0.714284 17.0625 0.901784 17.4375 1.27678C17.8125 1.65178 18 2.10714 18 2.64286V11H26.3571C26.8929 11 27.3482 11.1875 27.7232 11.5625C28.0982 11.9375 28.2857 12.3929 28.2857 12.9286Z\"><\/svg><\/span><span class=\"minus\"><svg viewBox=\"0 0 29 8\" xmlns=\"http:\/\/www.w3.org\/2000\/svg\"><path d=\"M28.2857 1.92857V5.78571C28.2857 6.32143 28.0982 6.77679 27.7232 7.15179C27.3482 7.52679 26.8929 7.71429 26.3571 7.71429H1.92857C1.39286 7.71429 0.9375 7.52679 0.5625 7.15179C0.1875 6.77679 0 6.32143 0 5.78571V1.92857C0 1.39286 0.1875 0.937499 0.5625 0.562499C0.9375 0.1875 1.39286 0 1.92857 0H26.3571C26.8929 0 27.3482 0.1875 27.7232 0.562499C28.0982 0.937499 28.2857 1.39286 28.2857 1.92857Z\"><\/svg><\/span><\/button><\/h3><\/div><div id=\"ca285_2\" class=\"collapse\" aria-labelledby=\"ha285_2\" data-parent=\"#a285\"><div class=\"card-body\"><ul>\n<li>pour les niveaux plus avanc\u00e9s : B2 et B2+<\/li>\n<li>publics : les personnes qui ont besoin de perfectionner leur fran\u00e7ais dans le quotidien ou dans leur travail<\/li>\n<li>but : perfectionner la langue, s&rsquo;exprimer comme un francophone natif<\/li>\n<\/ul>\n<\/div><\/div><\/div><\/div>\n\n<div class=\"space sm\"><\/div>\n\n<div class=\"text-center\"><a href=\"https:\/\/market.orthodidacte.com\/place\/IF-SK-BRATISLAVA\" class=\"btn btn-black-invert\" target=\"blank\" rel=\"noreferrer noopener\">S&rsquo;abonner \u00e0 Orthodidacte<\/a><\/div>\n\n<div class=\"space md\"><\/div>\n\n\n<figure class=\"wp-block-embed is-type-video is-provider-youtube wp-block-embed-youtube wp-embed-aspect-16-9 wp-has-aspect-ratio\"><div class=\"wp-block-embed__wrapper\">\n<iframe loading=\"lazy\" title=\"Apprenants, d\u00e9couvrez votre parcours de formation Orthodidacte\" width=\"500\" height=\"281\" src=\"https:\/\/www.youtube.com\/embed\/aClr55Jp5L8?feature=oembed\" frameborder=\"0\" allow=\"accelerometer; autoplay; clipboard-write; encrypted-media; gyroscope; picture-in-picture; web-share\" referrerpolicy=\"strict-origin-when-cross-origin\" allowfullscreen><\/iframe>\n<\/div><\/figure>\n\n\n<div class=\"space md\"><\/div>\n\n\n<h2 class=\"wp-block-heading\">Pour plus d&rsquo;informations sur Orthodidacte<\/h2>\n\n\n\n<p>Contactez le Service des cours : 02 \/ 59&nbsp;34&nbsp;77&nbsp;62 ou <strong><a href=\"mailto:\/\/cours@institutfrancais.sk\">cours@institutfrancais.sk <\/a><\/strong><\/p>\n","protected":false},"excerpt":{"rendered":"<p>Orthodidacte est votre alli\u00e9 pour apprendre et perfectionner votre fran\u00e7ais en toute autonomie ! Orthodidacte est une plateforme d\u00e9di\u00e9e \u00e0 l\u2019apprentissage et au perfectionnement de la langue fran\u00e7aise. La plateforme propose un parcours adaptatif favorisant la m\u00e9morisation et concentrant les efforts sur les zones de fragilit\u00e9 de l\u2019apprenant et \u00e0 la fois un parcours de [&hellip;]<\/p>\n","protected":false},"author":14,"featured_media":18086,"parent":0,"menu_order":0,"comment_status":"closed","ping_status":"closed","template":"","meta":{"_acf_changed":false,"footnotes":""},"acf":[],"yoast_head":"<!-- This site is optimized with the Yoast SEO plugin v24.5 - https:\/\/yoast.com\/wordpress\/plugins\/seo\/ -->\n<title>Orthodidacte : cours de fran\u00e7ais en ligne - Franc\u00fazsky in\u0161tit\u00fat na Slovensku<\/title>\n<meta name=\"description\" content=\"La plateforme Orthodidacte constitue une nouvelle approche pour apprendre l\u2019orthographe et la grammaire de la langue fran\u00e7aise.\" \/>\n<meta name=\"robots\" content=\"index, follow, max-snippet:-1, max-image-preview:large, max-video-preview:-1\" \/>\n<link rel=\"canonical\" href=\"https:\/\/institutfrancais.sk\/fr\/orthodidacte-cours-francais-en-ligne\/\" \/>\n<meta property=\"og:locale\" content=\"fr_FR\" \/>\n<meta property=\"og:type\" content=\"article\" \/>\n<meta property=\"og:title\" content=\"Orthodidacte : cours de fran\u00e7ais en ligne - Franc\u00fazsky in\u0161tit\u00fat na Slovensku\" \/>\n<meta property=\"og:description\" content=\"La plateforme Orthodidacte constitue une nouvelle approche pour apprendre l\u2019orthographe et la grammaire de la langue fran\u00e7aise.\" \/>\n<meta property=\"og:url\" content=\"https:\/\/institutfrancais.sk\/fr\/orthodidacte-cours-francais-en-ligne\/\" \/>\n<meta property=\"og:site_name\" content=\"Franc\u00fazsky in\u0161tit\u00fat na Slovensku\" \/>\n<meta property=\"article:modified_time\" content=\"2022-03-17T15:55:35+00:00\" \/>\n<meta property=\"og:image\" content=\"https:\/\/institutfrancais.sk\/wp-content\/uploads\/2021\/06\/Web.jpg\" \/>\n\t<meta property=\"og:image:width\" content=\"1920\" \/>\n\t<meta property=\"og:image:height\" content=\"1008\" \/>\n\t<meta property=\"og:image:type\" content=\"image\/jpeg\" \/>\n<meta name=\"twitter:card\" content=\"summary_large_image\" \/>\n<meta name=\"twitter:label1\" content=\"Dur\u00e9e de lecture estim\u00e9e\" \/>\n\t<meta name=\"twitter:data1\" content=\"2 minutes\" \/>\n<script type=\"application\/ld+json\" class=\"yoast-schema-graph\">{\"@context\":\"https:\/\/schema.org\",\"@graph\":[{\"@type\":\"WebPage\",\"@id\":\"https:\/\/institutfrancais.sk\/fr\/orthodidacte-cours-francais-en-ligne\/\",\"url\":\"https:\/\/institutfrancais.sk\/fr\/orthodidacte-cours-francais-en-ligne\/\",\"name\":\"Orthodidacte : cours de fran\u00e7ais en ligne - Franc\u00fazsky in\u0161tit\u00fat na Slovensku\",\"isPartOf\":{\"@id\":\"https:\/\/institutfrancais.sk\/fr\/#website\"},\"primaryImageOfPage\":{\"@id\":\"https:\/\/institutfrancais.sk\/fr\/orthodidacte-cours-francais-en-ligne\/#primaryimage\"},\"image\":{\"@id\":\"https:\/\/institutfrancais.sk\/fr\/orthodidacte-cours-francais-en-ligne\/#primaryimage\"},\"thumbnailUrl\":\"https:\/\/institutfrancais.sk\/wp-content\/uploads\/2021\/06\/Web.jpg\",\"datePublished\":\"2021-05-02T20:01:37+00:00\",\"dateModified\":\"2022-03-17T15:55:35+00:00\",\"description\":\"La plateforme Orthodidacte constitue une nouvelle approche pour apprendre l\u2019orthographe et la grammaire de la langue fran\u00e7aise.\",\"breadcrumb\":{\"@id\":\"https:\/\/institutfrancais.sk\/fr\/orthodidacte-cours-francais-en-ligne\/#breadcrumb\"},\"inLanguage\":\"fr-FR\",\"potentialAction\":[{\"@type\":\"ReadAction\",\"target\":[\"https:\/\/institutfrancais.sk\/fr\/orthodidacte-cours-francais-en-ligne\/\"]}]},{\"@type\":\"ImageObject\",\"inLanguage\":\"fr-FR\",\"@id\":\"https:\/\/institutfrancais.sk\/fr\/orthodidacte-cours-francais-en-ligne\/#primaryimage\",\"url\":\"https:\/\/institutfrancais.sk\/wp-content\/uploads\/2021\/06\/Web.jpg\",\"contentUrl\":\"https:\/\/institutfrancais.sk\/wp-content\/uploads\/2021\/06\/Web.jpg\",\"width\":1920,\"height\":1008},{\"@type\":\"BreadcrumbList\",\"@id\":\"https:\/\/institutfrancais.sk\/fr\/orthodidacte-cours-francais-en-ligne\/#breadcrumb\",\"itemListElement\":[{\"@type\":\"ListItem\",\"position\":1,\"name\":\"Home\",\"item\":\"https:\/\/institutfrancais.sk\/fr\/\"},{\"@type\":\"ListItem\",\"position\":2,\"name\":\"Orthodidacte : cours de fran\u00e7ais en ligne\"}]},{\"@type\":\"WebSite\",\"@id\":\"https:\/\/institutfrancais.sk\/fr\/#website\",\"url\":\"https:\/\/institutfrancais.sk\/fr\/\",\"name\":\"Franc\u00fazsky in\u0161tit\u00fat na Slovensku\",\"description\":\"Franc\u00fazsky in\u0161tit\u00fat na Slovensku\",\"potentialAction\":[{\"@type\":\"SearchAction\",\"target\":{\"@type\":\"EntryPoint\",\"urlTemplate\":\"https:\/\/institutfrancais.sk\/fr\/?s={search_term_string}\"},\"query-input\":{\"@type\":\"PropertyValueSpecification\",\"valueRequired\":true,\"valueName\":\"search_term_string\"}}],\"inLanguage\":\"fr-FR\"}]}<\/script>\n<!-- \/ Yoast SEO plugin. -->","yoast_head_json":{"title":"Orthodidacte : cours de fran\u00e7ais en ligne - Franc\u00fazsky in\u0161tit\u00fat na Slovensku","description":"La plateforme Orthodidacte constitue une nouvelle approche pour apprendre l\u2019orthographe et la grammaire de la langue fran\u00e7aise.","robots":{"index":"index","follow":"follow","max-snippet":"max-snippet:-1","max-image-preview":"max-image-preview:large","max-video-preview":"max-video-preview:-1"},"canonical":"https:\/\/institutfrancais.sk\/fr\/orthodidacte-cours-francais-en-ligne\/","og_locale":"fr_FR","og_type":"article","og_title":"Orthodidacte : cours de fran\u00e7ais en ligne - Franc\u00fazsky in\u0161tit\u00fat na Slovensku","og_description":"La plateforme Orthodidacte constitue une nouvelle approche pour apprendre l\u2019orthographe et la grammaire de la langue fran\u00e7aise.","og_url":"https:\/\/institutfrancais.sk\/fr\/orthodidacte-cours-francais-en-ligne\/","og_site_name":"Franc\u00fazsky in\u0161tit\u00fat na Slovensku","article_modified_time":"2022-03-17T15:55:35+00:00","og_image":[{"width":1920,"height":1008,"url":"https:\/\/institutfrancais.sk\/wp-content\/uploads\/2021\/06\/Web.jpg","type":"image\/jpeg"}],"twitter_card":"summary_large_image","twitter_misc":{"Dur\u00e9e de lecture estim\u00e9e":"2 minutes"},"schema":{"@context":"https:\/\/schema.org","@graph":[{"@type":"WebPage","@id":"https:\/\/institutfrancais.sk\/fr\/orthodidacte-cours-francais-en-ligne\/","url":"https:\/\/institutfrancais.sk\/fr\/orthodidacte-cours-francais-en-ligne\/","name":"Orthodidacte : cours de fran\u00e7ais en ligne - Franc\u00fazsky in\u0161tit\u00fat na Slovensku","isPartOf":{"@id":"https:\/\/institutfrancais.sk\/fr\/#website"},"primaryImageOfPage":{"@id":"https:\/\/institutfrancais.sk\/fr\/orthodidacte-cours-francais-en-ligne\/#primaryimage"},"image":{"@id":"https:\/\/institutfrancais.sk\/fr\/orthodidacte-cours-francais-en-ligne\/#primaryimage"},"thumbnailUrl":"https:\/\/institutfrancais.sk\/wp-content\/uploads\/2021\/06\/Web.jpg","datePublished":"2021-05-02T20:01:37+00:00","dateModified":"2022-03-17T15:55:35+00:00","description":"La plateforme Orthodidacte constitue une nouvelle approche pour apprendre l\u2019orthographe et la grammaire de la langue fran\u00e7aise.","breadcrumb":{"@id":"https:\/\/institutfrancais.sk\/fr\/orthodidacte-cours-francais-en-ligne\/#breadcrumb"},"inLanguage":"fr-FR","potentialAction":[{"@type":"ReadAction","target":["https:\/\/institutfrancais.sk\/fr\/orthodidacte-cours-francais-en-ligne\/"]}]},{"@type":"ImageObject","inLanguage":"fr-FR","@id":"https:\/\/institutfrancais.sk\/fr\/orthodidacte-cours-francais-en-ligne\/#primaryimage","url":"https:\/\/institutfrancais.sk\/wp-content\/uploads\/2021\/06\/Web.jpg","contentUrl":"https:\/\/institutfrancais.sk\/wp-content\/uploads\/2021\/06\/Web.jpg","width":1920,"height":1008},{"@type":"BreadcrumbList","@id":"https:\/\/institutfrancais.sk\/fr\/orthodidacte-cours-francais-en-ligne\/#breadcrumb","itemListElement":[{"@type":"ListItem","position":1,"name":"Home","item":"https:\/\/institutfrancais.sk\/fr\/"},{"@type":"ListItem","position":2,"name":"Orthodidacte : cours de fran\u00e7ais en ligne"}]},{"@type":"WebSite","@id":"https:\/\/institutfrancais.sk\/fr\/#website","url":"https:\/\/institutfrancais.sk\/fr\/","name":"Franc\u00fazsky in\u0161tit\u00fat na Slovensku","description":"Franc\u00fazsky in\u0161tit\u00fat na Slovensku","potentialAction":[{"@type":"SearchAction","target":{"@type":"EntryPoint","urlTemplate":"https:\/\/institutfrancais.sk\/fr\/?s={search_term_string}"},"query-input":{"@type":"PropertyValueSpecification","valueRequired":true,"valueName":"search_term_string"}}],"inLanguage":"fr-FR"}]}},"_links":{"self":[{"href":"https:\/\/institutfrancais.sk\/fr\/wp-json\/wp\/v2\/pages\/17293"}],"collection":[{"href":"https:\/\/institutfrancais.sk\/fr\/wp-json\/wp\/v2\/pages"}],"about":[{"href":"https:\/\/institutfrancais.sk\/fr\/wp-json\/wp\/v2\/types\/page"}],"author":[{"embeddable":true,"href":"https:\/\/institutfrancais.sk\/fr\/wp-json\/wp\/v2\/users\/14"}],"replies":[{"embeddable":true,"href":"https:\/\/institutfrancais.sk\/fr\/wp-json\/wp\/v2\/comments?post=17293"}],"version-history":[{"count":0,"href":"https:\/\/institutfrancais.sk\/fr\/wp-json\/wp\/v2\/pages\/17293\/revisions"}],"wp:featuredmedia":[{"embeddable":true,"href":"https:\/\/institutfrancais.sk\/fr\/wp-json\/wp\/v2\/media\/18086"}],"wp:attachment":[{"href":"https:\/\/institutfrancais.sk\/fr\/wp-json\/wp\/v2\/media?parent=17293"}],"curies":[{"name":"wp","href":"https:\/\/api.w.org\/{rel}","templated":true}]}}