{"id":18948,"date":"2019-12-31T12:15:15","date_gmt":"2019-12-31T11:15:15","guid":{"rendered":"https:\/\/institutfrancais.sk\/o-nas\/"},"modified":"2023-08-02T14:32:17","modified_gmt":"2023-08-02T12:32:17","slug":"a-propos","status":"publish","type":"page","link":"https:\/\/institutfrancais.sk\/fr\/a-propos\/","title":{"rendered":"Qui sommes-nous ?"},"content":{"rendered":"\n<p><strong>Fond\u00e9 en 1990, l&rsquo;Institut fran\u00e7ais de Slovaquie est membre d&rsquo;un r\u00e9seau mondial de 98 Instituts fran\u00e7ais, 850 Alliances Fran\u00e7aises et 131 d\u00e9partements de coop\u00e9ration et d&rsquo;action culturelle sous la direction du minist\u00e8re de l&rsquo;Europe et des Affaires \u00e9trang\u00e8res. Depuis 1991, l&rsquo;Institut fran\u00e7ais de Slovaquie est situ\u00e9 dans les locaux historiques du palais Kutscherfeld, rue Sedl\u00e1rska 7, \u00e0 deux pas de la Place principale de Bratislava. <\/strong><\/p>\n\n\n\n<p>En tant que centre culturel multidisciplinaire, nous \u0153uvrons pour la promotion et le d\u00e9veloppement de la langue et de la culture fran\u00e7aises dans toute la Slovaquie. Notre objectif est d&rsquo;encourager les rencontres et les \u00e9changes \u00e0 travers divers \u00e9v\u00e9nements culturels ;&nbsp;projets \u00e9ducatifs, scientifiques et universitaires ;&nbsp;et d\u00e9bats d&rsquo;id\u00e9es cr\u00e9ant ainsi un lien solide et durable entre les deux pays.<br><br>Que vous soyez \u00e9tudiant, enseignant, chef d&rsquo;entreprise, membre d&rsquo;une association, artiste ou touriste, nos portes sont ouvertes \u00e0 tous ceux qui aiment la France, veulent en savoir plus ou coop\u00e9rer avec nous. Notre \u00e9quipe est \u00e0 votre disposition. <\/p>\n\n\n\n<p><strong> Bienvenue \u00e0 l&rsquo;Institut fran\u00e7ais de Slovaquie ! <\/strong><\/p>\n\n\n\n<figure class=\"wp-block-embed is-type-video is-provider-youtube wp-block-embed-youtube wp-embed-aspect-16-9 wp-has-aspect-ratio\"><div class=\"wp-block-embed__wrapper\">\n<iframe loading=\"lazy\" title=\"Franc\u00fazsky de\u0148 - Franc\u00fazsky in\u0161tit\u00fat\" width=\"500\" height=\"281\" src=\"https:\/\/www.youtube.com\/embed\/HuqvRXpB5dY?feature=oembed\" frameborder=\"0\" allow=\"accelerometer; autoplay; clipboard-write; encrypted-media; gyroscope; picture-in-picture; web-share\" referrerpolicy=\"strict-origin-when-cross-origin\" allowfullscreen><\/iframe>\n<\/div><\/figure>\n\n\n<div class=\"space md\"><\/div>\n\n<div class=\"benefits row text-center\"><div class=\"col-6 col-sm-3\"><img decoding=\"async\" src=\"https:\/\/institutfrancais.sk\/wp-content\/uploads\/2019\/12\/au2.png\"><div class=\"line-after-title\"><\/div><spa class=\"benefits-description\">80 \u00e9v\u00e8nements par an <\/span><\/div><div class=\"col-6 col-sm-3\"><img decoding=\"async\" src=\"https:\/\/institutfrancais.sk\/wp-content\/uploads\/2019\/12\/au4.png\"><div class=\"line-after-title\"><\/div><spa class=\"benefits-description\">Une programmation culturelle riche<\/span><\/div><div class=\"col-6 col-sm-3\"><img decoding=\"async\" src=\"https:\/\/institutfrancais.sk\/wp-content\/uploads\/2019\/12\/au1.png\"><div class=\"line-after-title\"><\/div><spa class=\"benefits-description\">Centre multidisciplinaire <\/span><\/div><div class=\"col-6 col-sm-3\"><img decoding=\"async\" src=\"https:\/\/institutfrancais.sk\/wp-content\/uploads\/2019\/12\/au3.png\"><div class=\"line-after-title\"><\/div><spa class=\"benefits-description\">10 expositons par an <\/span><\/div><\/div>\n\n<div class=\"space lg\"><\/div>\n\n<div class=\"space xxs\"><\/div>\n\n<div class=\"accordion-menu\"><a href=\"#a1-\" class=\"smooth\"><\/a><\/div><div class=\"accordion\" id=\"a33\"><div class=\"card\"><div class=\"card-header\" id=\"ha33_1\"><h3 class=\"card-opener\"><button class=\"collapsed\" type=\"button\" data-toggle=\"collapse\" data-target=\"#ca33_1\" aria-expanded=\"true\" aria-controls=\"ca33_1\">Cours <span class=\"plus\"><svg viewBox=\"0 0 29 29\" xmlns=\"http:\/\/www.w3.org\/2000\/svg\"><path d=\"M28.2857 12.9286V16.7857C28.2857 17.3214 28.0982 17.7768 27.7232 18.1518C27.3482 18.5268 26.8929 18.7143 26.3571 18.7143H18V27.0714C18 27.6071 17.8125 28.0625 17.4375 28.4375C17.0625 28.8125 16.6071 29 16.0714 29H12.2143C11.6786 29 11.2232 28.8125 10.8482 28.4375C10.4732 28.0625 10.2857 27.6071 10.2857 27.0714V18.7143H1.92857C1.39286 18.7143 0.9375 18.5268 0.5625 18.1518C0.1875 17.7768 0 17.3214 0 16.7857V12.9286C0 12.3929 0.1875 11.9375 0.5625 11.5625C0.9375 11.1875 1.39286 11 1.92857 11H10.2857V2.64286C10.2857 2.10714 10.4732 1.65178 10.8482 1.27678C11.2232 0.901784 11.6786 0.714284 12.2143 0.714284H16.0714C16.6071 0.714284 17.0625 0.901784 17.4375 1.27678C17.8125 1.65178 18 2.10714 18 2.64286V11H26.3571C26.8929 11 27.3482 11.1875 27.7232 11.5625C28.0982 11.9375 28.2857 12.3929 28.2857 12.9286Z\"><\/svg><\/span><span class=\"minus\"><svg viewBox=\"0 0 29 8\" xmlns=\"http:\/\/www.w3.org\/2000\/svg\"><path d=\"M28.2857 1.92857V5.78571C28.2857 6.32143 28.0982 6.77679 27.7232 7.15179C27.3482 7.52679 26.8929 7.71429 26.3571 7.71429H1.92857C1.39286 7.71429 0.9375 7.52679 0.5625 7.15179C0.1875 6.77679 0 6.32143 0 5.78571V1.92857C0 1.39286 0.1875 0.937499 0.5625 0.562499C0.9375 0.1875 1.39286 0 1.92857 0H26.3571C26.8929 0 27.3482 0.1875 27.7232 0.562499C28.0982 0.937499 28.2857 1.39286 28.2857 1.92857Z\"><\/svg><\/span><\/button><\/h3><\/div><div id=\"ca33_1\" class=\"collapse\" aria-labelledby=\"ha33_1\" data-parent=\"#a33\"><div class=\"card-body\"><p>Gr\u00e2ce \u00e0 une \u00e9quipe d&rsquo;enseignants qualifi\u00e9s dans le domaine du fran\u00e7ais langue \u00e9trang\u00e8re, des m\u00e9thodes p\u00e9dagogiques innovantes et efficaces, ainsi qu&rsquo;une <a href=\"https:\/\/institutfrancais.sk\/fr\/cours\/\">offre riche de cours<\/a>, vous apprendrez le fran\u00e7ais ou vous le perfectionnerez.<\/p>\n<\/div><\/div><\/div><div class=\"card\"><div class=\"card-header\" id=\"ha33_2\"><h3 class=\"card-opener\"><button class=\"collapsed\" type=\"button\" data-toggle=\"collapse\" data-target=\"#ca33_2\" aria-expanded=\"true\" aria-controls=\"ca33_2\">Dipl\u00f4mes <span class=\"plus\"><svg viewBox=\"0 0 29 29\" xmlns=\"http:\/\/www.w3.org\/2000\/svg\"><path d=\"M28.2857 12.9286V16.7857C28.2857 17.3214 28.0982 17.7768 27.7232 18.1518C27.3482 18.5268 26.8929 18.7143 26.3571 18.7143H18V27.0714C18 27.6071 17.8125 28.0625 17.4375 28.4375C17.0625 28.8125 16.6071 29 16.0714 29H12.2143C11.6786 29 11.2232 28.8125 10.8482 28.4375C10.4732 28.0625 10.2857 27.6071 10.2857 27.0714V18.7143H1.92857C1.39286 18.7143 0.9375 18.5268 0.5625 18.1518C0.1875 17.7768 0 17.3214 0 16.7857V12.9286C0 12.3929 0.1875 11.9375 0.5625 11.5625C0.9375 11.1875 1.39286 11 1.92857 11H10.2857V2.64286C10.2857 2.10714 10.4732 1.65178 10.8482 1.27678C11.2232 0.901784 11.6786 0.714284 12.2143 0.714284H16.0714C16.6071 0.714284 17.0625 0.901784 17.4375 1.27678C17.8125 1.65178 18 2.10714 18 2.64286V11H26.3571C26.8929 11 27.3482 11.1875 27.7232 11.5625C28.0982 11.9375 28.2857 12.3929 28.2857 12.9286Z\"><\/svg><\/span><span class=\"minus\"><svg viewBox=\"0 0 29 8\" xmlns=\"http:\/\/www.w3.org\/2000\/svg\"><path d=\"M28.2857 1.92857V5.78571C28.2857 6.32143 28.0982 6.77679 27.7232 7.15179C27.3482 7.52679 26.8929 7.71429 26.3571 7.71429H1.92857C1.39286 7.71429 0.9375 7.52679 0.5625 7.15179C0.1875 6.77679 0 6.32143 0 5.78571V1.92857C0 1.39286 0.1875 0.937499 0.5625 0.562499C0.9375 0.1875 1.39286 0 1.92857 0H26.3571C26.8929 0 27.3482 0.1875 27.7232 0.562499C28.0982 0.937499 28.2857 1.39286 28.2857 1.92857Z\"><\/svg><\/span><\/button><\/h3><\/div><div id=\"ca33_2\" class=\"collapse\" aria-labelledby=\"ha33_2\" data-parent=\"#a33\"><div class=\"card-body\"><p>A Bratislava, nous sommes le seul centre d&rsquo;examen accr\u00e9dit\u00e9 permettant de se pr\u00e9parer, passer les examens et <a href=\"https:\/\/institutfrancais.sk\/fr\/diplomes\/\">obtenir les dipl\u00f4mes DELF &#8211;&nbsp;DALF et DFP<\/a>, reconnus partout dans le monde.<\/p>\n<\/div><\/div><\/div><div class=\"card\"><div class=\"card-header\" id=\"ha33_3\"><h3 class=\"card-opener\"><button class=\"collapsed\" type=\"button\" data-toggle=\"collapse\" data-target=\"#ca33_3\" aria-expanded=\"true\" aria-controls=\"ca33_3\">M\u00e9diath\u00e8que <span class=\"plus\"><svg viewBox=\"0 0 29 29\" xmlns=\"http:\/\/www.w3.org\/2000\/svg\"><path d=\"M28.2857 12.9286V16.7857C28.2857 17.3214 28.0982 17.7768 27.7232 18.1518C27.3482 18.5268 26.8929 18.7143 26.3571 18.7143H18V27.0714C18 27.6071 17.8125 28.0625 17.4375 28.4375C17.0625 28.8125 16.6071 29 16.0714 29H12.2143C11.6786 29 11.2232 28.8125 10.8482 28.4375C10.4732 28.0625 10.2857 27.6071 10.2857 27.0714V18.7143H1.92857C1.39286 18.7143 0.9375 18.5268 0.5625 18.1518C0.1875 17.7768 0 17.3214 0 16.7857V12.9286C0 12.3929 0.1875 11.9375 0.5625 11.5625C0.9375 11.1875 1.39286 11 1.92857 11H10.2857V2.64286C10.2857 2.10714 10.4732 1.65178 10.8482 1.27678C11.2232 0.901784 11.6786 0.714284 12.2143 0.714284H16.0714C16.6071 0.714284 17.0625 0.901784 17.4375 1.27678C17.8125 1.65178 18 2.10714 18 2.64286V11H26.3571C26.8929 11 27.3482 11.1875 27.7232 11.5625C28.0982 11.9375 28.2857 12.3929 28.2857 12.9286Z\"><\/svg><\/span><span class=\"minus\"><svg viewBox=\"0 0 29 8\" xmlns=\"http:\/\/www.w3.org\/2000\/svg\"><path d=\"M28.2857 1.92857V5.78571C28.2857 6.32143 28.0982 6.77679 27.7232 7.15179C27.3482 7.52679 26.8929 7.71429 26.3571 7.71429H1.92857C1.39286 7.71429 0.9375 7.52679 0.5625 7.15179C0.1875 6.77679 0 6.32143 0 5.78571V1.92857C0 1.39286 0.1875 0.937499 0.5625 0.562499C0.9375 0.1875 1.39286 0 1.92857 0H26.3571C26.8929 0 27.3482 0.1875 27.7232 0.562499C28.0982 0.937499 28.2857 1.39286 28.2857 1.92857Z\"><\/svg><\/span><\/button><\/h3><\/div><div id=\"ca33_3\" class=\"collapse\" aria-labelledby=\"ha33_3\" data-parent=\"#a33\"><div class=\"card-body\"><p><a href=\"https:\/\/institutfrancais.sk\/fr\/mediatheque\/\">Une biblioth\u00e8que fran\u00e7aise<\/a> avec une grande collection de livres, CD, DVD, magazines, mat\u00e9riel p\u00e9dagogique et un espace d\u00e9di\u00e9 aux enfants.<\/p>\n<\/div><\/div><\/div><div class=\"card\"><div class=\"card-header\" id=\"ha33_4\"><h3 class=\"card-opener\"><button class=\"collapsed\" type=\"button\" data-toggle=\"collapse\" data-target=\"#ca33_4\" aria-expanded=\"true\" aria-controls=\"ca33_4\">\u00c9v\u00e8nements culturels <span class=\"plus\"><svg viewBox=\"0 0 29 29\" xmlns=\"http:\/\/www.w3.org\/2000\/svg\"><path d=\"M28.2857 12.9286V16.7857C28.2857 17.3214 28.0982 17.7768 27.7232 18.1518C27.3482 18.5268 26.8929 18.7143 26.3571 18.7143H18V27.0714C18 27.6071 17.8125 28.0625 17.4375 28.4375C17.0625 28.8125 16.6071 29 16.0714 29H12.2143C11.6786 29 11.2232 28.8125 10.8482 28.4375C10.4732 28.0625 10.2857 27.6071 10.2857 27.0714V18.7143H1.92857C1.39286 18.7143 0.9375 18.5268 0.5625 18.1518C0.1875 17.7768 0 17.3214 0 16.7857V12.9286C0 12.3929 0.1875 11.9375 0.5625 11.5625C0.9375 11.1875 1.39286 11 1.92857 11H10.2857V2.64286C10.2857 2.10714 10.4732 1.65178 10.8482 1.27678C11.2232 0.901784 11.6786 0.714284 12.2143 0.714284H16.0714C16.6071 0.714284 17.0625 0.901784 17.4375 1.27678C17.8125 1.65178 18 2.10714 18 2.64286V11H26.3571C26.8929 11 27.3482 11.1875 27.7232 11.5625C28.0982 11.9375 28.2857 12.3929 28.2857 12.9286Z\"><\/svg><\/span><span class=\"minus\"><svg viewBox=\"0 0 29 8\" xmlns=\"http:\/\/www.w3.org\/2000\/svg\"><path d=\"M28.2857 1.92857V5.78571C28.2857 6.32143 28.0982 6.77679 27.7232 7.15179C27.3482 7.52679 26.8929 7.71429 26.3571 7.71429H1.92857C1.39286 7.71429 0.9375 7.52679 0.5625 7.15179C0.1875 6.77679 0 6.32143 0 5.78571V1.92857C0 1.39286 0.1875 0.937499 0.5625 0.562499C0.9375 0.1875 1.39286 0 1.92857 0H26.3571C26.8929 0 27.3482 0.1875 27.7232 0.562499C28.0982 0.937499 28.2857 1.39286 28.2857 1.92857Z\"><\/svg><\/span><\/button><\/h3><\/div><div id=\"ca33_4\" class=\"collapse\" aria-labelledby=\"ha33_4\" data-parent=\"#a33\"><div class=\"card-body\"><p>A l\u2019Institut fran\u00e7ais de Slovaquie nous proposons chaque ann\u00e9e au public slovaque plus de <a href=\"https:\/\/institutfrancais.sk\/fr\/evenements\/\">80 manifestations culturelles<\/a> qui associent artistes et intellectuels des deux pays. Cin\u00e9ma, musique, spectacles vivants, rencontres litt\u00e9raires, arts plastiques, et plus encore\u2026 Tous ces domaines contribuent \u00e0 notre programmation \u00e9clectique, \u00e0 Bratislava et dans toute la Slovaquie. Nous avons \u00e0 c\u0153ur de permettre \u00e0 tous de d\u00e9couvrir des artistes fran\u00e7ais et de faciliter la rencontre, l\u2019\u00e9change et la collaboration avec les artistes locaux ainsi qu\u2019avec les institutions et acteurs majeurs de la sc\u00e8ne culturelle slovaque.<\/p>\n<\/div><\/div><\/div><div class=\"card\"><div class=\"card-header\" id=\"ha33_5\"><h3 class=\"card-opener\"><button class=\"collapsed\" type=\"button\" data-toggle=\"collapse\" data-target=\"#ca33_5\" aria-expanded=\"true\" aria-controls=\"ca33_5\">Coop\u00e9ration dans le domaine de l&rsquo;\u00e9ducation, des sciences et de la recherche<span class=\"plus\"><svg viewBox=\"0 0 29 29\" xmlns=\"http:\/\/www.w3.org\/2000\/svg\"><path d=\"M28.2857 12.9286V16.7857C28.2857 17.3214 28.0982 17.7768 27.7232 18.1518C27.3482 18.5268 26.8929 18.7143 26.3571 18.7143H18V27.0714C18 27.6071 17.8125 28.0625 17.4375 28.4375C17.0625 28.8125 16.6071 29 16.0714 29H12.2143C11.6786 29 11.2232 28.8125 10.8482 28.4375C10.4732 28.0625 10.2857 27.6071 10.2857 27.0714V18.7143H1.92857C1.39286 18.7143 0.9375 18.5268 0.5625 18.1518C0.1875 17.7768 0 17.3214 0 16.7857V12.9286C0 12.3929 0.1875 11.9375 0.5625 11.5625C0.9375 11.1875 1.39286 11 1.92857 11H10.2857V2.64286C10.2857 2.10714 10.4732 1.65178 10.8482 1.27678C11.2232 0.901784 11.6786 0.714284 12.2143 0.714284H16.0714C16.6071 0.714284 17.0625 0.901784 17.4375 1.27678C17.8125 1.65178 18 2.10714 18 2.64286V11H26.3571C26.8929 11 27.3482 11.1875 27.7232 11.5625C28.0982 11.9375 28.2857 12.3929 28.2857 12.9286Z\"><\/svg><\/span><span class=\"minus\"><svg viewBox=\"0 0 29 8\" xmlns=\"http:\/\/www.w3.org\/2000\/svg\"><path d=\"M28.2857 1.92857V5.78571C28.2857 6.32143 28.0982 6.77679 27.7232 7.15179C27.3482 7.52679 26.8929 7.71429 26.3571 7.71429H1.92857C1.39286 7.71429 0.9375 7.52679 0.5625 7.15179C0.1875 6.77679 0 6.32143 0 5.78571V1.92857C0 1.39286 0.1875 0.937499 0.5625 0.562499C0.9375 0.1875 1.39286 0 1.92857 0H26.3571C26.8929 0 27.3482 0.1875 27.7232 0.562499C28.0982 0.937499 28.2857 1.39286 28.2857 1.92857Z\"><\/svg><\/span><\/button><\/h3><\/div><div id=\"ca33_5\" class=\"collapse\" aria-labelledby=\"ha33_5\" data-parent=\"#a33\"><div class=\"card-body\"><p>Notre solide r\u00e9seau de partenaires comprend des \u00e9coles o\u00f9 la langue fran\u00e7aise est enseign\u00e9e, dont l&rsquo;<a href=\"http:\/\/www.ecolefrancaise.sk\/fr\/\">\u00c9cole fran\u00e7aise internationale de Bratislava<\/a>, des universit\u00e9s, ainsi que des associations d&rsquo;enseignants, des entreprises et des institutions gouvernementales.<\/p>\n<\/div><\/div><\/div><div class=\"card\"><div class=\"card-header\" id=\"ha33_6\"><h3 class=\"card-opener\"><button class=\"collapsed\" type=\"button\" data-toggle=\"collapse\" data-target=\"#ca33_6\" aria-expanded=\"true\" aria-controls=\"ca33_6\">\u00c9tudes en France <span class=\"plus\"><svg viewBox=\"0 0 29 29\" xmlns=\"http:\/\/www.w3.org\/2000\/svg\"><path d=\"M28.2857 12.9286V16.7857C28.2857 17.3214 28.0982 17.7768 27.7232 18.1518C27.3482 18.5268 26.8929 18.7143 26.3571 18.7143H18V27.0714C18 27.6071 17.8125 28.0625 17.4375 28.4375C17.0625 28.8125 16.6071 29 16.0714 29H12.2143C11.6786 29 11.2232 28.8125 10.8482 28.4375C10.4732 28.0625 10.2857 27.6071 10.2857 27.0714V18.7143H1.92857C1.39286 18.7143 0.9375 18.5268 0.5625 18.1518C0.1875 17.7768 0 17.3214 0 16.7857V12.9286C0 12.3929 0.1875 11.9375 0.5625 11.5625C0.9375 11.1875 1.39286 11 1.92857 11H10.2857V2.64286C10.2857 2.10714 10.4732 1.65178 10.8482 1.27678C11.2232 0.901784 11.6786 0.714284 12.2143 0.714284H16.0714C16.6071 0.714284 17.0625 0.901784 17.4375 1.27678C17.8125 1.65178 18 2.10714 18 2.64286V11H26.3571C26.8929 11 27.3482 11.1875 27.7232 11.5625C28.0982 11.9375 28.2857 12.3929 28.2857 12.9286Z\"><\/svg><\/span><span class=\"minus\"><svg viewBox=\"0 0 29 8\" xmlns=\"http:\/\/www.w3.org\/2000\/svg\"><path d=\"M28.2857 1.92857V5.78571C28.2857 6.32143 28.0982 6.77679 27.7232 7.15179C27.3482 7.52679 26.8929 7.71429 26.3571 7.71429H1.92857C1.39286 7.71429 0.9375 7.52679 0.5625 7.15179C0.1875 6.77679 0 6.32143 0 5.78571V1.92857C0 1.39286 0.1875 0.937499 0.5625 0.562499C0.9375 0.1875 1.39286 0 1.92857 0H26.3571C26.8929 0 27.3482 0.1875 27.7232 0.562499C28.0982 0.937499 28.2857 1.39286 28.2857 1.92857Z\"><\/svg><\/span><\/button><\/h3><\/div><div id=\"ca33_6\" class=\"collapse\" aria-labelledby=\"ha33_6\" data-parent=\"#a33\"><div class=\"card-body\"><p>Votre r\u00eave est de faire vos <a href=\"https:\/\/institutfrancais.sk\/fr\/veda-a-univerzity\/etudes-superieures\/\">\u00e9tudes en France<\/a> ? Nous pouvons vous aider \u00e0 le r\u00e9aliser ! Nous soutenons l&rsquo;\u00e9ducation des \u00e9tudiants slovaques en France gr\u00e2ce \u00e0 des <a href=\"https:\/\/institutfrancais.sk\/fr\/veda-a-univerzity\/bourses-detudes\/\">bourses<\/a> du gouvernement fran\u00e7ais et vous aidons \u00e0 concr\u00e9tiser votre projet.<\/p>\n<\/div><\/div><\/div><\/div>\n\n<div class=\"space md\"><\/div>","protected":false},"excerpt":{"rendered":"<p>Fond\u00e9 en 1990, l&rsquo;Institut fran\u00e7ais de Slovaquie est membre d&rsquo;un r\u00e9seau mondial de 98 Instituts fran\u00e7ais, 850 Alliances Fran\u00e7aises et 131 d\u00e9partements de coop\u00e9ration et d&rsquo;action culturelle sous la direction du minist\u00e8re de l&rsquo;Europe et des Affaires \u00e9trang\u00e8res. Depuis 1991, l&rsquo;Institut fran\u00e7ais de Slovaquie est situ\u00e9 dans les locaux historiques du palais Kutscherfeld, rue Sedl\u00e1rska [&hellip;]<\/p>\n","protected":false},"author":1,"featured_media":28887,"parent":0,"menu_order":0,"comment_status":"closed","ping_status":"closed","template":"template-about-us.php","meta":{"_acf_changed":false,"footnotes":""},"acf":[],"yoast_head":"<!-- This site is optimized with the Yoast SEO plugin v24.5 - https:\/\/yoast.com\/wordpress\/plugins\/seo\/ -->\n<title>A propos | Institut fran\u00e7ais de Slovaquie<\/title>\n<meta name=\"description\" content=\"Centre culturel multidisciplinaire l&#039;Institut fran\u00e7ais de Slovaquie est membre d&#039;un r\u00e9seau mondial de 98 Instituts fran\u00e7ais.\" \/>\n<meta name=\"robots\" content=\"index, follow, max-snippet:-1, max-image-preview:large, max-video-preview:-1\" \/>\n<link rel=\"canonical\" href=\"https:\/\/institutfrancais.sk\/fr\/a-propos\/\" \/>\n<meta property=\"og:locale\" content=\"fr_FR\" \/>\n<meta property=\"og:type\" content=\"article\" \/>\n<meta property=\"og:title\" content=\"A propos | Institut fran\u00e7ais de Slovaquie\" \/>\n<meta property=\"og:description\" content=\"Centre culturel multidisciplinaire l&#039;Institut fran\u00e7ais de Slovaquie est membre d&#039;un r\u00e9seau mondial de 98 Instituts fran\u00e7ais.\" \/>\n<meta property=\"og:url\" content=\"https:\/\/institutfrancais.sk\/fr\/a-propos\/\" \/>\n<meta property=\"og:site_name\" content=\"Franc\u00fazsky in\u0161tit\u00fat na Slovensku\" \/>\n<meta property=\"article:modified_time\" content=\"2023-08-02T12:32:17+00:00\" \/>\n<meta property=\"og:image\" content=\"https:\/\/institutfrancais.sk\/wp-content\/uploads\/2023\/08\/IFS-groupe-scaled.jpg\" \/>\n\t<meta property=\"og:image:width\" content=\"2560\" \/>\n\t<meta property=\"og:image:height\" content=\"1706\" \/>\n\t<meta property=\"og:image:type\" content=\"image\/jpeg\" \/>\n<meta name=\"twitter:card\" content=\"summary_large_image\" \/>\n<meta name=\"twitter:label1\" content=\"Dur\u00e9e de lecture estim\u00e9e\" \/>\n\t<meta name=\"twitter:data1\" content=\"1 minute\" \/>\n<script type=\"application\/ld+json\" class=\"yoast-schema-graph\">{\"@context\":\"https:\/\/schema.org\",\"@graph\":[{\"@type\":\"WebPage\",\"@id\":\"https:\/\/institutfrancais.sk\/fr\/a-propos\/\",\"url\":\"https:\/\/institutfrancais.sk\/fr\/a-propos\/\",\"name\":\"A propos | Institut fran\u00e7ais de Slovaquie\",\"isPartOf\":{\"@id\":\"https:\/\/institutfrancais.sk\/fr\/#website\"},\"primaryImageOfPage\":{\"@id\":\"https:\/\/institutfrancais.sk\/fr\/a-propos\/#primaryimage\"},\"image\":{\"@id\":\"https:\/\/institutfrancais.sk\/fr\/a-propos\/#primaryimage\"},\"thumbnailUrl\":\"https:\/\/institutfrancais.sk\/wp-content\/uploads\/2023\/09\/Untitled-design-2.png\",\"datePublished\":\"2019-12-31T11:15:15+00:00\",\"dateModified\":\"2023-08-02T12:32:17+00:00\",\"description\":\"Centre culturel multidisciplinaire l'Institut fran\u00e7ais de Slovaquie est membre d'un r\u00e9seau mondial de 98 Instituts fran\u00e7ais.\",\"breadcrumb\":{\"@id\":\"https:\/\/institutfrancais.sk\/fr\/a-propos\/#breadcrumb\"},\"inLanguage\":\"fr-FR\",\"potentialAction\":[{\"@type\":\"ReadAction\",\"target\":[\"https:\/\/institutfrancais.sk\/fr\/a-propos\/\"]}]},{\"@type\":\"ImageObject\",\"inLanguage\":\"fr-FR\",\"@id\":\"https:\/\/institutfrancais.sk\/fr\/a-propos\/#primaryimage\",\"url\":\"https:\/\/institutfrancais.sk\/wp-content\/uploads\/2023\/09\/Untitled-design-2.png\",\"contentUrl\":\"https:\/\/institutfrancais.sk\/wp-content\/uploads\/2023\/09\/Untitled-design-2.png\",\"width\":1080,\"height\":1080,\"caption\":\"Franc\u00fazsky in\u0161tit\u00fat\"},{\"@type\":\"BreadcrumbList\",\"@id\":\"https:\/\/institutfrancais.sk\/fr\/a-propos\/#breadcrumb\",\"itemListElement\":[{\"@type\":\"ListItem\",\"position\":1,\"name\":\"Home\",\"item\":\"https:\/\/institutfrancais.sk\/fr\/\"},{\"@type\":\"ListItem\",\"position\":2,\"name\":\"Qui sommes-nous ?\"}]},{\"@type\":\"WebSite\",\"@id\":\"https:\/\/institutfrancais.sk\/fr\/#website\",\"url\":\"https:\/\/institutfrancais.sk\/fr\/\",\"name\":\"Franc\u00fazsky in\u0161tit\u00fat na Slovensku\",\"description\":\"Franc\u00fazsky in\u0161tit\u00fat na Slovensku\",\"potentialAction\":[{\"@type\":\"SearchAction\",\"target\":{\"@type\":\"EntryPoint\",\"urlTemplate\":\"https:\/\/institutfrancais.sk\/fr\/?s={search_term_string}\"},\"query-input\":{\"@type\":\"PropertyValueSpecification\",\"valueRequired\":true,\"valueName\":\"search_term_string\"}}],\"inLanguage\":\"fr-FR\"}]}<\/script>\n<!-- \/ Yoast SEO plugin. -->","yoast_head_json":{"title":"A propos | Institut fran\u00e7ais de Slovaquie","description":"Centre culturel multidisciplinaire l'Institut fran\u00e7ais de Slovaquie est membre d'un r\u00e9seau mondial de 98 Instituts fran\u00e7ais.","robots":{"index":"index","follow":"follow","max-snippet":"max-snippet:-1","max-image-preview":"max-image-preview:large","max-video-preview":"max-video-preview:-1"},"canonical":"https:\/\/institutfrancais.sk\/fr\/a-propos\/","og_locale":"fr_FR","og_type":"article","og_title":"A propos | Institut fran\u00e7ais de Slovaquie","og_description":"Centre culturel multidisciplinaire l'Institut fran\u00e7ais de Slovaquie est membre d'un r\u00e9seau mondial de 98 Instituts fran\u00e7ais.","og_url":"https:\/\/institutfrancais.sk\/fr\/a-propos\/","og_site_name":"Franc\u00fazsky in\u0161tit\u00fat na Slovensku","article_modified_time":"2023-08-02T12:32:17+00:00","og_image":[{"width":2560,"height":1706,"url":"https:\/\/institutfrancais.sk\/wp-content\/uploads\/2023\/08\/IFS-groupe-scaled.jpg","type":"image\/jpeg"}],"twitter_card":"summary_large_image","twitter_misc":{"Dur\u00e9e de lecture estim\u00e9e":"1 minute"},"schema":{"@context":"https:\/\/schema.org","@graph":[{"@type":"WebPage","@id":"https:\/\/institutfrancais.sk\/fr\/a-propos\/","url":"https:\/\/institutfrancais.sk\/fr\/a-propos\/","name":"A propos | Institut fran\u00e7ais de Slovaquie","isPartOf":{"@id":"https:\/\/institutfrancais.sk\/fr\/#website"},"primaryImageOfPage":{"@id":"https:\/\/institutfrancais.sk\/fr\/a-propos\/#primaryimage"},"image":{"@id":"https:\/\/institutfrancais.sk\/fr\/a-propos\/#primaryimage"},"thumbnailUrl":"https:\/\/institutfrancais.sk\/wp-content\/uploads\/2023\/09\/Untitled-design-2.png","datePublished":"2019-12-31T11:15:15+00:00","dateModified":"2023-08-02T12:32:17+00:00","description":"Centre culturel multidisciplinaire l'Institut fran\u00e7ais de Slovaquie est membre d'un r\u00e9seau mondial de 98 Instituts fran\u00e7ais.","breadcrumb":{"@id":"https:\/\/institutfrancais.sk\/fr\/a-propos\/#breadcrumb"},"inLanguage":"fr-FR","potentialAction":[{"@type":"ReadAction","target":["https:\/\/institutfrancais.sk\/fr\/a-propos\/"]}]},{"@type":"ImageObject","inLanguage":"fr-FR","@id":"https:\/\/institutfrancais.sk\/fr\/a-propos\/#primaryimage","url":"https:\/\/institutfrancais.sk\/wp-content\/uploads\/2023\/09\/Untitled-design-2.png","contentUrl":"https:\/\/institutfrancais.sk\/wp-content\/uploads\/2023\/09\/Untitled-design-2.png","width":1080,"height":1080,"caption":"Franc\u00fazsky in\u0161tit\u00fat"},{"@type":"BreadcrumbList","@id":"https:\/\/institutfrancais.sk\/fr\/a-propos\/#breadcrumb","itemListElement":[{"@type":"ListItem","position":1,"name":"Home","item":"https:\/\/institutfrancais.sk\/fr\/"},{"@type":"ListItem","position":2,"name":"Qui sommes-nous ?"}]},{"@type":"WebSite","@id":"https:\/\/institutfrancais.sk\/fr\/#website","url":"https:\/\/institutfrancais.sk\/fr\/","name":"Franc\u00fazsky in\u0161tit\u00fat na Slovensku","description":"Franc\u00fazsky in\u0161tit\u00fat na Slovensku","potentialAction":[{"@type":"SearchAction","target":{"@type":"EntryPoint","urlTemplate":"https:\/\/institutfrancais.sk\/fr\/?s={search_term_string}"},"query-input":{"@type":"PropertyValueSpecification","valueRequired":true,"valueName":"search_term_string"}}],"inLanguage":"fr-FR"}]}},"_links":{"self":[{"href":"https:\/\/institutfrancais.sk\/fr\/wp-json\/wp\/v2\/pages\/18948"}],"collection":[{"href":"https:\/\/institutfrancais.sk\/fr\/wp-json\/wp\/v2\/pages"}],"about":[{"href":"https:\/\/institutfrancais.sk\/fr\/wp-json\/wp\/v2\/types\/page"}],"author":[{"embeddable":true,"href":"https:\/\/institutfrancais.sk\/fr\/wp-json\/wp\/v2\/users\/1"}],"replies":[{"embeddable":true,"href":"https:\/\/institutfrancais.sk\/fr\/wp-json\/wp\/v2\/comments?post=18948"}],"version-history":[{"count":0,"href":"https:\/\/institutfrancais.sk\/fr\/wp-json\/wp\/v2\/pages\/18948\/revisions"}],"wp:featuredmedia":[{"embeddable":true,"href":"https:\/\/institutfrancais.sk\/fr\/wp-json\/wp\/v2\/media\/28887"}],"wp:attachment":[{"href":"https:\/\/institutfrancais.sk\/fr\/wp-json\/wp\/v2\/media?parent=18948"}],"curies":[{"name":"wp","href":"https:\/\/api.w.org\/{rel}","templated":true}]}}