{"id":19721,"date":"2021-10-26T15:56:05","date_gmt":"2021-10-26T13:56:05","guid":{"rendered":"https:\/\/institutfrancais.sk\/?page_id=19721"},"modified":"2021-11-26T11:10:02","modified_gmt":"2021-11-26T10:10:02","slug":"novembre-numerique-le-mois-des-cultures-numeriques","status":"publish","type":"page","link":"https:\/\/institutfrancais.sk\/fr\/novembre-numerique-le-mois-des-cultures-numeriques\/","title":{"rendered":"Novembre Num\u00e9rique \u2013 Le mois des cultures num\u00e9riques"},"content":{"rendered":"\n<h2 class=\"wp-block-heading\">Novembre Num\u00e9rique permet de mettre en avant les cultures num\u00e9riques dans toute leur diversit\u00e9.<\/h2>\n\n\n\n<p>Jeux vid\u00e9o, arts num\u00e9riques,&nbsp;performances audiovisuelles, offres culturelles en ligne, outils innovants d\u2019apprentissage, &#8230;&nbsp;expos\u00e9s \u00e0 travers des formats vari\u00e9s : ateliers, expositions, conf\u00e9rences, salons jeux vid\u00e9o.&nbsp;Autour d\u2019une&nbsp;programmation riche destin\u00e9e au grand public et aux professionnels,&nbsp;Novembre Num\u00e9rique propose de questionner les formes, les usages et les enjeux du num\u00e9rique, de pr\u00e9senter la richesse de la cr\u00e9ation num\u00e9rique et de faire dialoguer&nbsp;les talents slovaques et fran\u00e7ais au service des publics et de l\u2019innovation.<\/p>\n\n\n<div class=\"space sm\"><\/div>\n\n\n<h2 class=\"wp-block-heading\">A vos codes, pr\u00eats? D\u00e9couvrez le programme du Novembre Num\u00e9rique ! <\/h2>\n\n\n\n<ul><li><strong>3 <strong>\u2013<\/strong><\/strong> <strong>30 novembre<\/strong>&nbsp;: <a href=\"https:\/\/institutfrancais.sk\/fr\/podujatie\/vexposition-phases-et-concepts\/\">Exposition \u00ab&nbsp;<em>Phases et concepts<\/em> \u00bb<\/a> \u00e0 la Galerie de l\u2019Institut fran\u00e7ais sur le th\u00e8me de la cr\u00e9ation de personnages de jeux vid\u00e9o et pr\u00e9sentation vid\u00e9o de jeux produits lors des Summer Game Dev<\/li><li><strong>10 novembre<\/strong>&nbsp;: Atelier Ozobots pour enfants (\u00e9v\u00e8nement ferm\u00e9)<\/li><li><strong>20 novembre<\/strong> : <a href=\"https:\/\/institutfrancais.sk\/fr\/podujatie\/en-ligne-lecture-interactive-pour-enfants-avec-storyplayr-2\/\">Lecture interactive pour enfants avec Storyplay\u2019r<\/a><\/li><li><strong>25 \u2013 27 novembre<\/strong>&nbsp;: Slovak <a href=\"https:\/\/gamedays.sk\/?utm_source=gdays&amp;utm_medium=web&amp;utm_campaign=\">Game Days <\/a>(format hybride \/ en ligne et en pr\u00e9sentiel au centre culturel de Kas\u00e1rne Kulturpark \u00e0 Ko\u0161ice) avec la participation de quatre studios fran\u00e7ais (Focus Entertainment, NACON, The Sandbox, DontNod)<\/li><\/ul>\n\n\n<div class=\"space sm\"><\/div>\n\n\n<figure class=\"wp-block-embed is-type-video is-provider-youtube wp-block-embed-youtube wp-embed-aspect-16-9 wp-has-aspect-ratio\"><div class=\"wp-block-embed__wrapper\">\n<iframe loading=\"lazy\" title=\"Novembre Num\u00e9rique\" width=\"500\" height=\"281\" src=\"https:\/\/www.youtube.com\/embed\/sIAj9HNxOXw?feature=oembed\" frameborder=\"0\" allow=\"accelerometer; autoplay; clipboard-write; encrypted-media; gyroscope; picture-in-picture; web-share\" referrerpolicy=\"strict-origin-when-cross-origin\" allowfullscreen><\/iframe>\n<\/div><\/figure>\n\n\n<\/div><div class=\"gray-bg\"><div class=\"cta-box\"><div class=\"wrap narrow-wrap\"><div class=\"content dark-blue\"><div class=\"cta-box-content\"><div class=\"left-side\"><div class=\"left-content\"><h3>IFdigital, le site de la cr\u00e9ation num\u00e9rique fran\u00e7aise<\/h3>\n<p>Art num\u00e9rique, exp\u00e9rience immersive, jeu vid\u00e9o, livre innovant, m\u00e9diation et \u00e9ducation culturelle, webcr\u00e9ation : IFdigital pr\u00e9sente le meilleur des cr\u00e9ations et des professionnels de ces secteurs innovants des industries culturelles et cr\u00e9atives.<\/p>\n<\/div><a class=\"btn btn-white\" href=\"https:\/\/ifdigital.institutfrancais.com\/fr\">Plus d&rsquo;infos <\/a><\/div><div class=\"right-side\"><div class=\"right-content\"><p><img loading=\"lazy\" decoding=\"async\" class=\"size-full wp-image-2339 alignright\" src=\"https:\/\/institutfrancais.sk\/wp-content\/uploads\/2020\/01\/IF_PictoDiscipline_Numerique_Quadri_blanc.png\" alt=\"\" width=\"146\" height=\"138\" \/><\/p>\n<\/div><\/div><\/div><\/div><\/div><\/div><\/div><div class=\"wrap narrow-wrap\">\n\n\n<figure class=\"wp-block-embed is-type-video is-provider-youtube wp-block-embed-youtube wp-embed-aspect-16-9 wp-has-aspect-ratio\"><div class=\"wp-block-embed__wrapper\">\n<iframe loading=\"lazy\" title=\"IFdigital, le site de la cr\u00e9ation num\u00e9rique fran\u00e7aise\" width=\"500\" height=\"281\" src=\"https:\/\/www.youtube.com\/embed\/y0gRvkJ1wHQ?feature=oembed\" frameborder=\"0\" allow=\"accelerometer; autoplay; clipboard-write; encrypted-media; gyroscope; picture-in-picture; web-share\" referrerpolicy=\"strict-origin-when-cross-origin\" allowfullscreen><\/iframe>\n<\/div><\/figure>\n\n\n<\/div><div class=\"gray-bg\"><div class=\"wrap\"><div class=\"white-boxes sponsors-partners nobtn\"><h2><span>Partenaires<\/span><\/h2><div class=\"box\"><h3>Partenaires<\/h3><div class=\"owl-carousel loop\"><div class=\"img\"><picture><source srcset=\"https:\/\/institutfrancais.sk\/wp-content\/uploads\/2021\/10\/logo-ajtyvIT-zakladne_RGB-300x172.png\" type=\"image\/jpeg\"><img decoding=\"async\" src=\"https:\/\/institutfrancais.sk\/wp-content\/uploads\/2021\/10\/logo-ajtyvIT-zakladne_RGB-300x172.png\" alt=\"\"width=\"100%\"\"><\/picture><\/div><div class=\"img\"><picture><source srcset=\"https:\/\/institutfrancais.sk\/wp-content\/uploads\/2021\/10\/SGDA_logo_rgb-300x120.png\" type=\"image\/jpeg\"><img decoding=\"async\" src=\"https:\/\/institutfrancais.sk\/wp-content\/uploads\/2021\/10\/SGDA_logo_rgb-300x120.png\" alt=\"\"width=\"100%\"\"><\/picture><\/div><div class=\"img\"><picture><source srcset=\"https:\/\/institutfrancais.sk\/wp-content\/uploads\/2021\/10\/GD_logo_cierne-1-300x148.png\" type=\"image\/jpeg\"><img decoding=\"async\" src=\"https:\/\/institutfrancais.sk\/wp-content\/uploads\/2021\/10\/GD_logo_cierne-1-300x148.png\" alt=\"\"width=\"100%\"\"><\/picture><\/div><div class=\"img\"><picture><source srcset=\"https:\/\/institutfrancais.sk\/wp-content\/uploads\/2021\/10\/logo_scd-300x113.png\" type=\"image\/jpeg\"><img decoding=\"async\" src=\"https:\/\/institutfrancais.sk\/wp-content\/uploads\/2021\/10\/logo_scd-300x113.png\" alt=\"\"width=\"100%\"\"><\/picture><\/div><div class=\"img\"><picture><source srcset=\"https:\/\/institutfrancais.sk\/wp-content\/uploads\/2021\/10\/fiit_800-1-300x142.png\" type=\"image\/jpeg\"><img decoding=\"async\" src=\"https:\/\/institutfrancais.sk\/wp-content\/uploads\/2021\/10\/fiit_800-1-300x142.png\" alt=\"\"width=\"100%\"\"><\/picture><\/div><div class=\"img\"><picture><source srcset=\"https:\/\/institutfrancais.sk\/wp-content\/uploads\/2021\/10\/FTF-VSMU-1.jpg\" type=\"image\/jpeg\"><img decoding=\"async\" src=\"https:\/\/institutfrancais.sk\/wp-content\/uploads\/2021\/10\/FTF-VSMU-1.jpg\" alt=\"\"width=\"100%\"\"><\/picture><\/div><div class=\"img\"><picture><source srcset=\"https:\/\/institutfrancais.sk\/wp-content\/uploads\/2021\/10\/AVE-FTF-VSMU-300x125.jpg\" type=\"image\/jpeg\"><img decoding=\"async\" src=\"https:\/\/institutfrancais.sk\/wp-content\/uploads\/2021\/10\/AVE-FTF-VSMU-300x125.jpg\" alt=\"\"width=\"100%\"\"><\/picture><\/div><div class=\"img\"><picture><source srcset=\"https:\/\/institutfrancais.sk\/wp-content\/uploads\/2021\/11\/Hemi-logo-cierne-300x78.png\" type=\"image\/jpeg\"><img decoding=\"async\" src=\"https:\/\/institutfrancais.sk\/wp-content\/uploads\/2021\/11\/Hemi-logo-cierne-300x78.png\" alt=\"\"width=\"100%\"\"><\/picture><\/div><div class=\"img\"><picture><source srcset=\"https:\/\/institutfrancais.sk\/wp-content\/uploads\/2021\/11\/SGD-logo-300x75.png\" type=\"image\/jpeg\"><img decoding=\"async\" src=\"https:\/\/institutfrancais.sk\/wp-content\/uploads\/2021\/11\/SGD-logo-300x75.png\" alt=\"\"width=\"100%\"\"><\/picture><\/div><\/div><\/div><\/div><\/div><\/div><\/div><div class=\"wrap narrow-wrap\">\n\n<div class=\"space sm\"><\/div>\n\n<\/div><div class=\"cta-box full-width\"><div class=\"content dark-blue\"><div class=\"cta-box-content\"><div class=\"left-side\"><div class=\"left-content\"><h2><span style=\"color: #ffffff;\">100&nbsp;% francophone et 100&nbsp;% num\u00e9rique. D\u00e9couvrez la biblioth\u00e8que en ligne Cultureth\u00e8que !<\/span><\/h2>\n<p>&nbsp;<\/p>\n<\/div><a class=\"btn btn-white\" href=\"https:\/\/institutfrancais.sk\/fr\/mediatheque\/culturetheque\/\">Plus d&rsquo;infos<\/a><\/div><div class=\"right-side\"><div class=\"right-content\"><p><img loading=\"lazy\" decoding=\"async\" class=\" wp-image-927 alignright\" src=\"https:\/\/institutfrancais.sk\/wp-content\/uploads\/2019\/12\/culturetheque-300x169.jpg\" alt=\"\" width=\"451\" height=\"254\" srcset=\"https:\/\/institutfrancais.sk\/wp-content\/uploads\/2019\/12\/culturetheque-300x169.jpg 300w, https:\/\/institutfrancais.sk\/wp-content\/uploads\/2019\/12\/culturetheque-1024x576.jpg 1024w, https:\/\/institutfrancais.sk\/wp-content\/uploads\/2019\/12\/culturetheque-768x432.jpg 768w, https:\/\/institutfrancais.sk\/wp-content\/uploads\/2019\/12\/culturetheque-1190x669.jpg 1190w, https:\/\/institutfrancais.sk\/wp-content\/uploads\/2019\/12\/culturetheque.jpg 1280w\" sizes=\"(max-width: 451px) 100vw, 451px\" \/><\/p>\n<\/div><\/div><\/div><\/div><\/div><div class=\"wrap narrow-wrap\">\n\n<\/div><div class=\"lines-bg lines-bg-threeleft-g\"><div class=\"lines-bg lines-bg-absolute lines-bg-oneright-g\"><\/div><div class=\"wrap\"><div class=\"events articles-events\"><h2>Programme <span class=\"green\">\/\u00e0 d\u00e9couvrir<\/span><\/h2><div class=\"row\"><div class=\"col-md-6 col-lg-4\"><a href=\"https:\/\/institutfrancais.sk\/fr\/podujatie\/exposition-phases-et-concepts\/\" class=\"event \"><div class=\"bg\"><div class=\"bghdn\"><div class=\"img\" style=\"background-image:url(https:\/\/institutfrancais.sk\/wp-content\/uploads\/2021\/10\/Fazy-a-koncepty-FB-EVENT-COVER-vide-1024x576.jpg)\"><\/div><\/div><span class=\"type\">exposition<\/span><\/div><div class=\"content\"><div class=\"meta\"><strong class=\"color-green\">3.11. &#8211;&nbsp;30.11.<\/strong><\/div><h3>Exposition \u00ab\u00a0Phases et concepts\u00a0\u00bb: conceptions artistiques dans les jeux vid\u00e9o slovaques contemporains<\/h3><\/div><\/a><\/div><div class=\"col-md-6 col-lg-4\"><a href=\"https:\/\/institutfrancais.sk\/fr\/podujatie\/en-ligne-lecture-interactive-pour-enfants-avec-storyplayr-2\/\" class=\"event \"><div class=\"bg\"><div class=\"bghdn\"><div class=\"img\" style=\"background-image:url(https:\/\/institutfrancais.sk\/wp-content\/uploads\/2021\/10\/les-contes-visu-1024x573.png)\"><\/div><\/div><span class=\"type\">enfants<\/span><\/div><div class=\"content\"><div class=\"meta\"><strong class=\"color-green\">20.11.<\/strong><\/div><h3>[En ligne] Lecture interactive pour enfants avec Storyplay\u2019r<\/h3><\/div><\/a><\/div><div class=\"col-md-6 col-lg-4\"><a href=\"https:\/\/institutfrancais.sk\/fr\/podujatie\/transition-numerique-et-humanisme-numerique\/\" class=\"event \"><div class=\"bg\"><div class=\"bghdn\"><div class=\"img\" style=\"background-image:url(https:\/\/institutfrancais.sk\/wp-content\/uploads\/2021\/11\/pexels-bradley-hook-123335-2-1024x683.jpg)\"><\/div><\/div><span class=\"type\">conf\u00e9rence\/d\u00e9bat<\/span><\/div><div class=\"content\"><div class=\"meta\"><strong class=\"color-green\">2.2.<\/strong> | <span class=\"color-black\">14:00<\/span><\/div><h3>Transition num\u00e9rique et humanisme num\u00e9rique<\/h3><\/div><\/a><\/div><\/div><\/div><\/div><\/div><div class=\"wrap narrow-wrap\">","protected":false},"excerpt":{"rendered":"<p>Novembre Num\u00e9rique permet de mettre en avant les cultures num\u00e9riques dans toute leur diversit\u00e9. Jeux vid\u00e9o, arts num\u00e9riques,&nbsp;performances audiovisuelles, offres culturelles en ligne, outils innovants d\u2019apprentissage, &#8230;&nbsp;expos\u00e9s \u00e0 travers des formats vari\u00e9s : ateliers, expositions, conf\u00e9rences, salons jeux vid\u00e9o.&nbsp;Autour d\u2019une&nbsp;programmation riche destin\u00e9e au grand public et aux professionnels,&nbsp;Novembre Num\u00e9rique propose de questionner les formes, les [&hellip;]<\/p>\n","protected":false},"author":14,"featured_media":19729,"parent":0,"menu_order":0,"comment_status":"closed","ping_status":"closed","template":"","meta":{"_acf_changed":false,"footnotes":""},"acf":[],"yoast_head":"<!-- This site is optimized with the Yoast SEO plugin v24.5 - https:\/\/yoast.com\/wordpress\/plugins\/seo\/ -->\n<title>Novembre Num\u00e9rique \u2013 Le mois des cultures num\u00e9riques - Franc\u00fazsky in\u0161tit\u00fat na Slovensku<\/title>\n<meta name=\"description\" content=\"En 2021, pour la premi\u00e8re fois, l\u2019Institut fran\u00e7ais de Slovaquie participe \u00e0 Novembre Num\u00e9rique, le mois des cultures num\u00e9riques.\" \/>\n<meta name=\"robots\" content=\"index, follow, max-snippet:-1, max-image-preview:large, max-video-preview:-1\" \/>\n<link rel=\"canonical\" href=\"https:\/\/institutfrancais.sk\/fr\/novembre-numerique-le-mois-des-cultures-numeriques\/\" \/>\n<meta property=\"og:locale\" content=\"fr_FR\" \/>\n<meta property=\"og:type\" content=\"article\" \/>\n<meta property=\"og:title\" content=\"Novembre Num\u00e9rique \u2013 Le mois des cultures num\u00e9riques - Franc\u00fazsky in\u0161tit\u00fat na Slovensku\" \/>\n<meta property=\"og:description\" content=\"En 2021, pour la premi\u00e8re fois, l\u2019Institut fran\u00e7ais de Slovaquie participe \u00e0 Novembre Num\u00e9rique, le mois des cultures num\u00e9riques.\" \/>\n<meta property=\"og:url\" content=\"https:\/\/institutfrancais.sk\/fr\/novembre-numerique-le-mois-des-cultures-numeriques\/\" \/>\n<meta property=\"og:site_name\" content=\"Franc\u00fazsky in\u0161tit\u00fat na Slovensku\" \/>\n<meta property=\"article:modified_time\" content=\"2021-11-26T10:10:02+00:00\" \/>\n<meta property=\"og:image\" content=\"https:\/\/institutfrancais.sk\/wp-content\/uploads\/2021\/10\/DIGITAL-NOVEMBER-WEB-FB-EVENT-COVER-PINK-FR.jpg\" \/>\n\t<meta property=\"og:image:width\" content=\"1920\" \/>\n\t<meta property=\"og:image:height\" content=\"1080\" \/>\n\t<meta property=\"og:image:type\" content=\"image\/jpeg\" \/>\n<meta name=\"twitter:card\" content=\"summary_large_image\" \/>\n<meta name=\"twitter:label1\" content=\"Dur\u00e9e de lecture estim\u00e9e\" \/>\n\t<meta name=\"twitter:data1\" content=\"1 minute\" \/>\n<script type=\"application\/ld+json\" class=\"yoast-schema-graph\">{\"@context\":\"https:\/\/schema.org\",\"@graph\":[{\"@type\":\"WebPage\",\"@id\":\"https:\/\/institutfrancais.sk\/fr\/novembre-numerique-le-mois-des-cultures-numeriques\/\",\"url\":\"https:\/\/institutfrancais.sk\/fr\/novembre-numerique-le-mois-des-cultures-numeriques\/\",\"name\":\"Novembre Num\u00e9rique \u2013 Le mois des cultures num\u00e9riques - Franc\u00fazsky in\u0161tit\u00fat na Slovensku\",\"isPartOf\":{\"@id\":\"https:\/\/institutfrancais.sk\/fr\/#website\"},\"primaryImageOfPage\":{\"@id\":\"https:\/\/institutfrancais.sk\/fr\/novembre-numerique-le-mois-des-cultures-numeriques\/#primaryimage\"},\"image\":{\"@id\":\"https:\/\/institutfrancais.sk\/fr\/novembre-numerique-le-mois-des-cultures-numeriques\/#primaryimage\"},\"thumbnailUrl\":\"https:\/\/institutfrancais.sk\/wp-content\/uploads\/2021\/10\/DIGITAL-NOVEMBER-WEB-FB-EVENT-COVER-PINK-FR.jpg\",\"datePublished\":\"2021-10-26T13:56:05+00:00\",\"dateModified\":\"2021-11-26T10:10:02+00:00\",\"description\":\"En 2021, pour la premi\u00e8re fois, l\u2019Institut fran\u00e7ais de Slovaquie participe \u00e0 Novembre Num\u00e9rique, le mois des cultures num\u00e9riques.\",\"breadcrumb\":{\"@id\":\"https:\/\/institutfrancais.sk\/fr\/novembre-numerique-le-mois-des-cultures-numeriques\/#breadcrumb\"},\"inLanguage\":\"fr-FR\",\"potentialAction\":[{\"@type\":\"ReadAction\",\"target\":[\"https:\/\/institutfrancais.sk\/fr\/novembre-numerique-le-mois-des-cultures-numeriques\/\"]}]},{\"@type\":\"ImageObject\",\"inLanguage\":\"fr-FR\",\"@id\":\"https:\/\/institutfrancais.sk\/fr\/novembre-numerique-le-mois-des-cultures-numeriques\/#primaryimage\",\"url\":\"https:\/\/institutfrancais.sk\/wp-content\/uploads\/2021\/10\/DIGITAL-NOVEMBER-WEB-FB-EVENT-COVER-PINK-FR.jpg\",\"contentUrl\":\"https:\/\/institutfrancais.sk\/wp-content\/uploads\/2021\/10\/DIGITAL-NOVEMBER-WEB-FB-EVENT-COVER-PINK-FR.jpg\",\"width\":1920,\"height\":1080},{\"@type\":\"BreadcrumbList\",\"@id\":\"https:\/\/institutfrancais.sk\/fr\/novembre-numerique-le-mois-des-cultures-numeriques\/#breadcrumb\",\"itemListElement\":[{\"@type\":\"ListItem\",\"position\":1,\"name\":\"Home\",\"item\":\"https:\/\/institutfrancais.sk\/fr\/\"},{\"@type\":\"ListItem\",\"position\":2,\"name\":\"Novembre Num\u00e9rique \u2013 Le mois des cultures num\u00e9riques\"}]},{\"@type\":\"WebSite\",\"@id\":\"https:\/\/institutfrancais.sk\/fr\/#website\",\"url\":\"https:\/\/institutfrancais.sk\/fr\/\",\"name\":\"Franc\u00fazsky in\u0161tit\u00fat na Slovensku\",\"description\":\"Franc\u00fazsky in\u0161tit\u00fat na Slovensku\",\"potentialAction\":[{\"@type\":\"SearchAction\",\"target\":{\"@type\":\"EntryPoint\",\"urlTemplate\":\"https:\/\/institutfrancais.sk\/fr\/?s={search_term_string}\"},\"query-input\":{\"@type\":\"PropertyValueSpecification\",\"valueRequired\":true,\"valueName\":\"search_term_string\"}}],\"inLanguage\":\"fr-FR\"}]}<\/script>\n<!-- \/ Yoast SEO plugin. -->","yoast_head_json":{"title":"Novembre Num\u00e9rique \u2013 Le mois des cultures num\u00e9riques - Franc\u00fazsky in\u0161tit\u00fat na Slovensku","description":"En 2021, pour la premi\u00e8re fois, l\u2019Institut fran\u00e7ais de Slovaquie participe \u00e0 Novembre Num\u00e9rique, le mois des cultures num\u00e9riques.","robots":{"index":"index","follow":"follow","max-snippet":"max-snippet:-1","max-image-preview":"max-image-preview:large","max-video-preview":"max-video-preview:-1"},"canonical":"https:\/\/institutfrancais.sk\/fr\/novembre-numerique-le-mois-des-cultures-numeriques\/","og_locale":"fr_FR","og_type":"article","og_title":"Novembre Num\u00e9rique \u2013 Le mois des cultures num\u00e9riques - Franc\u00fazsky in\u0161tit\u00fat na Slovensku","og_description":"En 2021, pour la premi\u00e8re fois, l\u2019Institut fran\u00e7ais de Slovaquie participe \u00e0 Novembre Num\u00e9rique, le mois des cultures num\u00e9riques.","og_url":"https:\/\/institutfrancais.sk\/fr\/novembre-numerique-le-mois-des-cultures-numeriques\/","og_site_name":"Franc\u00fazsky in\u0161tit\u00fat na Slovensku","article_modified_time":"2021-11-26T10:10:02+00:00","og_image":[{"width":1920,"height":1080,"url":"https:\/\/institutfrancais.sk\/wp-content\/uploads\/2021\/10\/DIGITAL-NOVEMBER-WEB-FB-EVENT-COVER-PINK-FR.jpg","type":"image\/jpeg"}],"twitter_card":"summary_large_image","twitter_misc":{"Dur\u00e9e de lecture estim\u00e9e":"1 minute"},"schema":{"@context":"https:\/\/schema.org","@graph":[{"@type":"WebPage","@id":"https:\/\/institutfrancais.sk\/fr\/novembre-numerique-le-mois-des-cultures-numeriques\/","url":"https:\/\/institutfrancais.sk\/fr\/novembre-numerique-le-mois-des-cultures-numeriques\/","name":"Novembre Num\u00e9rique \u2013 Le mois des cultures num\u00e9riques - Franc\u00fazsky in\u0161tit\u00fat na Slovensku","isPartOf":{"@id":"https:\/\/institutfrancais.sk\/fr\/#website"},"primaryImageOfPage":{"@id":"https:\/\/institutfrancais.sk\/fr\/novembre-numerique-le-mois-des-cultures-numeriques\/#primaryimage"},"image":{"@id":"https:\/\/institutfrancais.sk\/fr\/novembre-numerique-le-mois-des-cultures-numeriques\/#primaryimage"},"thumbnailUrl":"https:\/\/institutfrancais.sk\/wp-content\/uploads\/2021\/10\/DIGITAL-NOVEMBER-WEB-FB-EVENT-COVER-PINK-FR.jpg","datePublished":"2021-10-26T13:56:05+00:00","dateModified":"2021-11-26T10:10:02+00:00","description":"En 2021, pour la premi\u00e8re fois, l\u2019Institut fran\u00e7ais de Slovaquie participe \u00e0 Novembre Num\u00e9rique, le mois des cultures num\u00e9riques.","breadcrumb":{"@id":"https:\/\/institutfrancais.sk\/fr\/novembre-numerique-le-mois-des-cultures-numeriques\/#breadcrumb"},"inLanguage":"fr-FR","potentialAction":[{"@type":"ReadAction","target":["https:\/\/institutfrancais.sk\/fr\/novembre-numerique-le-mois-des-cultures-numeriques\/"]}]},{"@type":"ImageObject","inLanguage":"fr-FR","@id":"https:\/\/institutfrancais.sk\/fr\/novembre-numerique-le-mois-des-cultures-numeriques\/#primaryimage","url":"https:\/\/institutfrancais.sk\/wp-content\/uploads\/2021\/10\/DIGITAL-NOVEMBER-WEB-FB-EVENT-COVER-PINK-FR.jpg","contentUrl":"https:\/\/institutfrancais.sk\/wp-content\/uploads\/2021\/10\/DIGITAL-NOVEMBER-WEB-FB-EVENT-COVER-PINK-FR.jpg","width":1920,"height":1080},{"@type":"BreadcrumbList","@id":"https:\/\/institutfrancais.sk\/fr\/novembre-numerique-le-mois-des-cultures-numeriques\/#breadcrumb","itemListElement":[{"@type":"ListItem","position":1,"name":"Home","item":"https:\/\/institutfrancais.sk\/fr\/"},{"@type":"ListItem","position":2,"name":"Novembre Num\u00e9rique \u2013 Le mois des cultures num\u00e9riques"}]},{"@type":"WebSite","@id":"https:\/\/institutfrancais.sk\/fr\/#website","url":"https:\/\/institutfrancais.sk\/fr\/","name":"Franc\u00fazsky in\u0161tit\u00fat na Slovensku","description":"Franc\u00fazsky in\u0161tit\u00fat na Slovensku","potentialAction":[{"@type":"SearchAction","target":{"@type":"EntryPoint","urlTemplate":"https:\/\/institutfrancais.sk\/fr\/?s={search_term_string}"},"query-input":{"@type":"PropertyValueSpecification","valueRequired":true,"valueName":"search_term_string"}}],"inLanguage":"fr-FR"}]}},"_links":{"self":[{"href":"https:\/\/institutfrancais.sk\/fr\/wp-json\/wp\/v2\/pages\/19721"}],"collection":[{"href":"https:\/\/institutfrancais.sk\/fr\/wp-json\/wp\/v2\/pages"}],"about":[{"href":"https:\/\/institutfrancais.sk\/fr\/wp-json\/wp\/v2\/types\/page"}],"author":[{"embeddable":true,"href":"https:\/\/institutfrancais.sk\/fr\/wp-json\/wp\/v2\/users\/14"}],"replies":[{"embeddable":true,"href":"https:\/\/institutfrancais.sk\/fr\/wp-json\/wp\/v2\/comments?post=19721"}],"version-history":[{"count":0,"href":"https:\/\/institutfrancais.sk\/fr\/wp-json\/wp\/v2\/pages\/19721\/revisions"}],"wp:featuredmedia":[{"embeddable":true,"href":"https:\/\/institutfrancais.sk\/fr\/wp-json\/wp\/v2\/media\/19729"}],"wp:attachment":[{"href":"https:\/\/institutfrancais.sk\/fr\/wp-json\/wp\/v2\/media?parent=19721"}],"curies":[{"name":"wp","href":"https:\/\/api.w.org\/{rel}","templated":true}]}}