{"id":25028,"date":"2026-02-06T09:55:00","date_gmt":"2026-02-06T08:55:00","guid":{"rendered":"https:\/\/institutfrancais.sk\/?page_id=25028"},"modified":"2026-02-06T10:46:17","modified_gmt":"2026-02-06T09:46:17","slug":"prix-scientifiques","status":"publish","type":"page","link":"https:\/\/institutfrancais.sk\/fr\/prix-scientifiques\/","title":{"rendered":"Prix scientifiques"},"content":{"rendered":"<div class=\"space xs\"><\/div>\n\n\n<p>L\u2019Ambassade de France et l\u2019Institut fran\u00e7ais de Slovaquie coorganisent les prix scientifiques suivants&nbsp;:<\/p>\n\n\n\n<p>Le <strong><a href=\"https:\/\/institutfrancais.sk\/fr\/prix-scientifique-co2-free\/\">Prix scientifique CO2-Free<\/a> <\/strong>est le fruit d\u2019un partenariat avec Framatome. Le prix r\u00e9compense deux candidats pour des travaux dans deux domaines\u00a0:<\/p>\n\n\n\n<ul>\n<li>sciences et technologies relatives \u00e0 l\u2019\u00e9nergie nucl\u00e9aire, notamment \u00e9lectro-nucl\u00e9aire<\/li>\n\n\n\n<li>sciences et technologies \u0153uvrant \u00e0 la d\u00e9carbonation et \u00e0 la protection de l\u2019environnement<\/li>\n<\/ul>\n\n\n\n<p>Il s\u2019adresse aux doctorants ou docteurs qui travaillent dans une universit\u00e9, institution de recherche ou dans une entreprise technologique en Slovaquie. Chaque laur\u00e9at re\u00e7oit 2000 euros et b\u00e9n\u00e9ficie d\u2019un s\u00e9jour scientifique d\u2019un mois au sein d\u2019un \u00e9tablissement fran\u00e7ais de recherche.<\/p>\n\n\n\n<p>L\u2019appel est disponible <a href=\"https:\/\/institutfrancais.sk\/fr\/prix-scientifique-co2-free\/\">ici<\/a>.<\/p>\n\n\n\n<p>Le<strong> Prix M.R \u0160tef\u00e1nik<\/strong> est organis\u00e9 en coop\u00e9ration avec le minist\u00e8re slovaque charg\u00e9 de l\u2019Enseignement sup\u00e9rieur et de la recherche (<a href=\"https:\/\/www.minedu.sk\/data\/att\/17b\/34004.017918.pdf\">Minedu<\/a>) et l\u2019Agence slovaque pour la recherche et le d\u00e9veloppement (<a href=\"https:\/\/www.apvv.sk\/\">APVV<\/a>). Tous les deux ans, il r\u00e9compense un ou une scientifique slovaque qui a&nbsp;port\u00e9 un projet dans le cadre du programme bilat\u00e9ral franco-slovaque <a href=\"https:\/\/www.campusfrance.org\/fr\/stefanik\">PHC \u0160tef\u00e1nik<\/a>.<\/p>\n\n\n\n<p>Ces prix incarnent l\u2019engagement commun de la France et de la Slovaquie en faveur d\u2019une coop\u00e9ration scientifique ambitieuse, fond\u00e9e sur l\u2019excellence, la mobilit\u00e9 et l\u2019innovation au service d\u2019un espace europ\u00e9en de la recherche.<\/p>\n\n\n\n<p>Nous souhaitons mettre en place de nouveaux prix avec des partenaires en Slovaquie, pour identifier de nouveaux talents tout en valorisant l\u2019image et l\u2019engagement de nos partenaires.<\/p>\n\n\n\n<p>N\u2019h\u00e9sitez pas \u00e0 nous contacter si vous \u00eates int\u00e9ress\u00e9 par un partenariat&nbsp;! Pour plus d\u2019information&nbsp;: <a href=\"mailto:thomas-tj.perrin@diplomatie.gouv.fr\">thomas-tj.perrin@diplomatie.gouv.fr<\/a><\/p>\n\n\n\n<p>L\u2019Ambassade et l\u2019Institut s\u2019associent \u00e9galement \u00e0 d\u2019autres prix, notamment\u00a0:<\/p>\n\n\n\n<p>&#8211;&nbsp;Le prix <strong><a href=\"https:\/\/www.forwomeninscience.com\/authority\/slovakia---national-program\">L&rsquo;Or\u00e9al-UNESCO pour les femmes et la science &#8211;&nbsp;Slovaquie<\/a><\/strong>, qui promeut la visibilit\u00e9 et l\u2019excellence des femmes scientifiques et soutient l\u2019\u00e9galit\u00e9 des carri\u00e8res<\/p>\n\n\n\n<p>&#8211;&nbsp;le<a href=\"https:\/\/www.tresor.economie.gouv.fr\/Articles\/2025\/11\/03\/gp-vie-2025\"> <strong>Grand Prix VIE<\/strong><\/a> qui valorise les jeunes talents fran\u00e7ais engag\u00e9s dans un volontariat international en entreprise (VIE) en Slovaquie.<\/p>\n\n\n\n<p>&#8211;&nbsp;Le <strong><a href=\"https:\/\/up-dejeuner.sk\/\">M\u00e9c\u00e9nat Up D\u00e9jeuner<\/a><\/strong>, un programme de m\u00e9c\u00e9nat social et \u00e9ducatif en partenariat avec l\u2019association Up.<strong><br><\/strong><\/p>\n\n\n<div class=\"space xs\"><\/div>","protected":false},"excerpt":{"rendered":"<p>L\u2019Ambassade de France et l\u2019Institut fran\u00e7ais de Slovaquie coorganisent les prix scientifiques suivants&nbsp;: Le Prix scientifique CO2-Free est le fruit d\u2019un partenariat avec Framatome. Le prix r\u00e9compense deux candidats pour des travaux dans deux domaines\u00a0: Il s\u2019adresse aux doctorants ou docteurs qui travaillent dans une universit\u00e9, institution de recherche ou dans une entreprise technologique en [&hellip;]<\/p>\n","protected":false},"author":14,"featured_media":0,"parent":0,"menu_order":0,"comment_status":"closed","ping_status":"closed","template":"","meta":{"_acf_changed":false,"footnotes":""},"acf":[],"yoast_head":"<!-- This site is optimized with the Yoast SEO plugin v24.5 - https:\/\/yoast.com\/wordpress\/plugins\/seo\/ -->\n<title>Prix scientifiques - Franc\u00fazsky in\u0161tit\u00fat na Slovensku<\/title>\n<meta name=\"robots\" content=\"index, follow, max-snippet:-1, max-image-preview:large, max-video-preview:-1\" \/>\n<link rel=\"canonical\" href=\"https:\/\/institutfrancais.sk\/fr\/prix-scientifiques\/\" \/>\n<meta property=\"og:locale\" content=\"fr_FR\" \/>\n<meta property=\"og:type\" content=\"article\" \/>\n<meta property=\"og:title\" content=\"Prix scientifiques - Franc\u00fazsky in\u0161tit\u00fat na Slovensku\" \/>\n<meta property=\"og:description\" content=\"L\u2019Ambassade de France et l\u2019Institut fran\u00e7ais de Slovaquie coorganisent les prix scientifiques suivants&nbsp;: Le Prix scientifique CO2-Free est le fruit d\u2019un partenariat avec Framatome. Le prix r\u00e9compense deux candidats pour des travaux dans deux domaines\u00a0: Il s\u2019adresse aux doctorants ou docteurs qui travaillent dans une universit\u00e9, institution de recherche ou dans une entreprise technologique en [&hellip;]\" \/>\n<meta property=\"og:url\" content=\"https:\/\/institutfrancais.sk\/fr\/prix-scientifiques\/\" \/>\n<meta property=\"og:site_name\" content=\"Franc\u00fazsky in\u0161tit\u00fat na Slovensku\" \/>\n<meta property=\"article:modified_time\" content=\"2026-02-06T09:46:17+00:00\" \/>\n<meta name=\"twitter:card\" content=\"summary_large_image\" \/>\n<meta name=\"twitter:label1\" content=\"Dur\u00e9e de lecture estim\u00e9e\" \/>\n\t<meta name=\"twitter:data1\" content=\"2 minutes\" \/>\n<script type=\"application\/ld+json\" class=\"yoast-schema-graph\">{\"@context\":\"https:\/\/schema.org\",\"@graph\":[{\"@type\":\"WebPage\",\"@id\":\"https:\/\/institutfrancais.sk\/fr\/prix-scientifiques\/\",\"url\":\"https:\/\/institutfrancais.sk\/fr\/prix-scientifiques\/\",\"name\":\"Prix scientifiques - Franc\u00fazsky in\u0161tit\u00fat na Slovensku\",\"isPartOf\":{\"@id\":\"https:\/\/institutfrancais.sk\/fr\/#website\"},\"datePublished\":\"2026-02-06T08:55:00+00:00\",\"dateModified\":\"2026-02-06T09:46:17+00:00\",\"breadcrumb\":{\"@id\":\"https:\/\/institutfrancais.sk\/fr\/prix-scientifiques\/#breadcrumb\"},\"inLanguage\":\"fr-FR\",\"potentialAction\":[{\"@type\":\"ReadAction\",\"target\":[\"https:\/\/institutfrancais.sk\/fr\/prix-scientifiques\/\"]}]},{\"@type\":\"BreadcrumbList\",\"@id\":\"https:\/\/institutfrancais.sk\/fr\/prix-scientifiques\/#breadcrumb\",\"itemListElement\":[{\"@type\":\"ListItem\",\"position\":1,\"name\":\"Home\",\"item\":\"https:\/\/institutfrancais.sk\/fr\/\"},{\"@type\":\"ListItem\",\"position\":2,\"name\":\"Prix scientifiques\"}]},{\"@type\":\"WebSite\",\"@id\":\"https:\/\/institutfrancais.sk\/fr\/#website\",\"url\":\"https:\/\/institutfrancais.sk\/fr\/\",\"name\":\"Franc\u00fazsky in\u0161tit\u00fat na Slovensku\",\"description\":\"Franc\u00fazsky in\u0161tit\u00fat na Slovensku\",\"potentialAction\":[{\"@type\":\"SearchAction\",\"target\":{\"@type\":\"EntryPoint\",\"urlTemplate\":\"https:\/\/institutfrancais.sk\/fr\/?s={search_term_string}\"},\"query-input\":{\"@type\":\"PropertyValueSpecification\",\"valueRequired\":true,\"valueName\":\"search_term_string\"}}],\"inLanguage\":\"fr-FR\"}]}<\/script>\n<!-- \/ Yoast SEO plugin. -->","yoast_head_json":{"title":"Prix scientifiques - Franc\u00fazsky in\u0161tit\u00fat na Slovensku","robots":{"index":"index","follow":"follow","max-snippet":"max-snippet:-1","max-image-preview":"max-image-preview:large","max-video-preview":"max-video-preview:-1"},"canonical":"https:\/\/institutfrancais.sk\/fr\/prix-scientifiques\/","og_locale":"fr_FR","og_type":"article","og_title":"Prix scientifiques - Franc\u00fazsky in\u0161tit\u00fat na Slovensku","og_description":"L\u2019Ambassade de France et l\u2019Institut fran\u00e7ais de Slovaquie coorganisent les prix scientifiques suivants&nbsp;: Le Prix scientifique CO2-Free est le fruit d\u2019un partenariat avec Framatome. Le prix r\u00e9compense deux candidats pour des travaux dans deux domaines\u00a0: Il s\u2019adresse aux doctorants ou docteurs qui travaillent dans une universit\u00e9, institution de recherche ou dans une entreprise technologique en [&hellip;]","og_url":"https:\/\/institutfrancais.sk\/fr\/prix-scientifiques\/","og_site_name":"Franc\u00fazsky in\u0161tit\u00fat na Slovensku","article_modified_time":"2026-02-06T09:46:17+00:00","twitter_card":"summary_large_image","twitter_misc":{"Dur\u00e9e de lecture estim\u00e9e":"2 minutes"},"schema":{"@context":"https:\/\/schema.org","@graph":[{"@type":"WebPage","@id":"https:\/\/institutfrancais.sk\/fr\/prix-scientifiques\/","url":"https:\/\/institutfrancais.sk\/fr\/prix-scientifiques\/","name":"Prix scientifiques - Franc\u00fazsky in\u0161tit\u00fat na Slovensku","isPartOf":{"@id":"https:\/\/institutfrancais.sk\/fr\/#website"},"datePublished":"2026-02-06T08:55:00+00:00","dateModified":"2026-02-06T09:46:17+00:00","breadcrumb":{"@id":"https:\/\/institutfrancais.sk\/fr\/prix-scientifiques\/#breadcrumb"},"inLanguage":"fr-FR","potentialAction":[{"@type":"ReadAction","target":["https:\/\/institutfrancais.sk\/fr\/prix-scientifiques\/"]}]},{"@type":"BreadcrumbList","@id":"https:\/\/institutfrancais.sk\/fr\/prix-scientifiques\/#breadcrumb","itemListElement":[{"@type":"ListItem","position":1,"name":"Home","item":"https:\/\/institutfrancais.sk\/fr\/"},{"@type":"ListItem","position":2,"name":"Prix scientifiques"}]},{"@type":"WebSite","@id":"https:\/\/institutfrancais.sk\/fr\/#website","url":"https:\/\/institutfrancais.sk\/fr\/","name":"Franc\u00fazsky in\u0161tit\u00fat na Slovensku","description":"Franc\u00fazsky in\u0161tit\u00fat na Slovensku","potentialAction":[{"@type":"SearchAction","target":{"@type":"EntryPoint","urlTemplate":"https:\/\/institutfrancais.sk\/fr\/?s={search_term_string}"},"query-input":{"@type":"PropertyValueSpecification","valueRequired":true,"valueName":"search_term_string"}}],"inLanguage":"fr-FR"}]}},"_links":{"self":[{"href":"https:\/\/institutfrancais.sk\/fr\/wp-json\/wp\/v2\/pages\/25028"}],"collection":[{"href":"https:\/\/institutfrancais.sk\/fr\/wp-json\/wp\/v2\/pages"}],"about":[{"href":"https:\/\/institutfrancais.sk\/fr\/wp-json\/wp\/v2\/types\/page"}],"author":[{"embeddable":true,"href":"https:\/\/institutfrancais.sk\/fr\/wp-json\/wp\/v2\/users\/14"}],"replies":[{"embeddable":true,"href":"https:\/\/institutfrancais.sk\/fr\/wp-json\/wp\/v2\/comments?post=25028"}],"version-history":[{"count":1,"href":"https:\/\/institutfrancais.sk\/fr\/wp-json\/wp\/v2\/pages\/25028\/revisions"}],"predecessor-version":[{"id":38588,"href":"https:\/\/institutfrancais.sk\/fr\/wp-json\/wp\/v2\/pages\/25028\/revisions\/38588"}],"wp:attachment":[{"href":"https:\/\/institutfrancais.sk\/fr\/wp-json\/wp\/v2\/media?parent=25028"}],"curies":[{"name":"wp","href":"https:\/\/api.w.org\/{rel}","templated":true}]}}