{"id":27552,"date":"2023-01-12T15:03:12","date_gmt":"2023-01-12T14:03:12","guid":{"rendered":"https:\/\/institutfrancais.sk\/vyzvy-na-predkladanie-projektov\/"},"modified":"2026-01-12T17:21:02","modified_gmt":"2026-01-12T16:21:02","slug":"appels-a-projets-en-cours","status":"publish","type":"page","link":"https:\/\/institutfrancais.sk\/fr\/appels-a-projets-en-cours\/","title":{"rendered":"Appels \u00e0 projets en cours"},"content":{"rendered":"\n<p><\/p>\n\n\n\n<p>Vous trouverez ici une liste d\u2019appels \u00e0 projets qui peuvent servir la coop\u00e9ration scientifique ou universitaire franco-slovaque et qui sont propos\u00e9s par des institutions autres que l\u2019Institut fran\u00e7ais de Slovaquie.&nbsp;<\/p>\n\n\n<iframe src=\"https:\/\/docs.google.com\/spreadsheets\/d\/e\/2PACX-1vTZY-KT5ZZJuZiK21TxxnUkck60FnY0O4-GPxT9WolSDkGvmfiQAcc1UyQkT42FvlXSkXXWStkjjOXz\/pubhtml\" class=\"general-iframe\" style=\"height:40vw\"><\/iframe>\n\n\n<p>Enfin, pour plus d\u2019informations sur d\u2019autres possibilit\u00e9s de bourses (CROUS, bourses r\u00e9gionales, etc.), vous pouvez consulter le moteur de recherche de bourses Campus France :\u00a0<a href=\"https:\/\/campusbourses.campusfrance.org\/#\/catalog\">cliquez ici.<\/a><\/p>\n","protected":false},"excerpt":{"rendered":"<p>Vous trouverez ici une liste d\u2019appels \u00e0 projets qui peuvent servir la coop\u00e9ration scientifique ou universitaire franco-slovaque et qui sont propos\u00e9s par des institutions autres que l\u2019Institut fran\u00e7ais de Slovaquie.&nbsp;&nbsp;Enfin, pour plus d\u2019informations sur d\u2019autres possibilit\u00e9s de bourses (CROUS, bourses r\u00e9gionales, etc.), vous pouvez consulter le moteur de recherche de bourses Campus France :\u00a0cliquez [&hellip;]<\/p>\n","protected":false},"author":14,"featured_media":25045,"parent":0,"menu_order":0,"comment_status":"closed","ping_status":"closed","template":"","meta":{"_acf_changed":false,"footnotes":""},"acf":[],"yoast_head":"<!-- This site is optimized with the Yoast SEO plugin v24.5 - https:\/\/yoast.com\/wordpress\/plugins\/seo\/ -->\n<title>Appels \u00e0 projets en cours - Franc\u00fazsky in\u0161tit\u00fat na Slovensku<\/title>\n<meta name=\"robots\" content=\"index, follow, max-snippet:-1, max-image-preview:large, max-video-preview:-1\" \/>\n<link rel=\"canonical\" href=\"https:\/\/institutfrancais.sk\/fr\/appels-a-projets-en-cours\/\" \/>\n<meta property=\"og:locale\" content=\"fr_FR\" \/>\n<meta property=\"og:type\" content=\"article\" \/>\n<meta property=\"og:title\" content=\"Appels \u00e0 projets en cours - Franc\u00fazsky in\u0161tit\u00fat na Slovensku\" \/>\n<meta property=\"og:description\" content=\"Vous trouverez ici une liste d\u2019appels \u00e0 projets qui peuvent servir la coop\u00e9ration scientifique ou universitaire franco-slovaque et qui sont propos\u00e9s par des institutions autres que l\u2019Institut fran\u00e7ais de Slovaquie.&nbsp; Enfin, pour plus d\u2019informations sur d\u2019autres possibilit\u00e9s de bourses (CROUS, bourses r\u00e9gionales, etc.), vous pouvez consulter le moteur de recherche de bourses Campus France :\u00a0cliquez [&hellip;]\" \/>\n<meta property=\"og:url\" content=\"https:\/\/institutfrancais.sk\/fr\/appels-a-projets-en-cours\/\" \/>\n<meta property=\"og:site_name\" content=\"Franc\u00fazsky in\u0161tit\u00fat na Slovensku\" \/>\n<meta property=\"article:modified_time\" content=\"2026-01-12T16:21:02+00:00\" \/>\n<meta property=\"og:image\" content=\"https:\/\/institutfrancais.sk\/wp-content\/uploads\/2023\/01\/pexels-andrea-piacquadio-3761509-scaled.jpg\" \/>\n\t<meta property=\"og:image:width\" content=\"2560\" \/>\n\t<meta property=\"og:image:height\" content=\"1920\" \/>\n\t<meta property=\"og:image:type\" content=\"image\/jpeg\" \/>\n<meta name=\"twitter:card\" content=\"summary_large_image\" \/>\n<meta name=\"twitter:label1\" content=\"Dur\u00e9e de lecture estim\u00e9e\" \/>\n\t<meta name=\"twitter:data1\" content=\"1 minute\" \/>\n<script type=\"application\/ld+json\" class=\"yoast-schema-graph\">{\"@context\":\"https:\/\/schema.org\",\"@graph\":[{\"@type\":\"WebPage\",\"@id\":\"https:\/\/institutfrancais.sk\/fr\/appels-a-projets-en-cours\/\",\"url\":\"https:\/\/institutfrancais.sk\/fr\/appels-a-projets-en-cours\/\",\"name\":\"Appels \u00e0 projets en cours - Franc\u00fazsky in\u0161tit\u00fat na Slovensku\",\"isPartOf\":{\"@id\":\"https:\/\/institutfrancais.sk\/fr\/#website\"},\"primaryImageOfPage\":{\"@id\":\"https:\/\/institutfrancais.sk\/fr\/appels-a-projets-en-cours\/#primaryimage\"},\"image\":{\"@id\":\"https:\/\/institutfrancais.sk\/fr\/appels-a-projets-en-cours\/#primaryimage\"},\"thumbnailUrl\":\"https:\/\/institutfrancais.sk\/wp-content\/uploads\/2023\/01\/pexels-andrea-piacquadio-3761509-scaled.jpg\",\"datePublished\":\"2023-01-12T14:03:12+00:00\",\"dateModified\":\"2026-01-12T16:21:02+00:00\",\"breadcrumb\":{\"@id\":\"https:\/\/institutfrancais.sk\/fr\/appels-a-projets-en-cours\/#breadcrumb\"},\"inLanguage\":\"fr-FR\",\"potentialAction\":[{\"@type\":\"ReadAction\",\"target\":[\"https:\/\/institutfrancais.sk\/fr\/appels-a-projets-en-cours\/\"]}]},{\"@type\":\"ImageObject\",\"inLanguage\":\"fr-FR\",\"@id\":\"https:\/\/institutfrancais.sk\/fr\/appels-a-projets-en-cours\/#primaryimage\",\"url\":\"https:\/\/institutfrancais.sk\/wp-content\/uploads\/2023\/01\/pexels-andrea-piacquadio-3761509-scaled.jpg\",\"contentUrl\":\"https:\/\/institutfrancais.sk\/wp-content\/uploads\/2023\/01\/pexels-andrea-piacquadio-3761509-scaled.jpg\",\"width\":2560,\"height\":1920},{\"@type\":\"BreadcrumbList\",\"@id\":\"https:\/\/institutfrancais.sk\/fr\/appels-a-projets-en-cours\/#breadcrumb\",\"itemListElement\":[{\"@type\":\"ListItem\",\"position\":1,\"name\":\"Home\",\"item\":\"https:\/\/institutfrancais.sk\/fr\/\"},{\"@type\":\"ListItem\",\"position\":2,\"name\":\"Appels \u00e0 projets en cours\"}]},{\"@type\":\"WebSite\",\"@id\":\"https:\/\/institutfrancais.sk\/fr\/#website\",\"url\":\"https:\/\/institutfrancais.sk\/fr\/\",\"name\":\"Franc\u00fazsky in\u0161tit\u00fat na Slovensku\",\"description\":\"Franc\u00fazsky in\u0161tit\u00fat na Slovensku\",\"potentialAction\":[{\"@type\":\"SearchAction\",\"target\":{\"@type\":\"EntryPoint\",\"urlTemplate\":\"https:\/\/institutfrancais.sk\/fr\/?s={search_term_string}\"},\"query-input\":{\"@type\":\"PropertyValueSpecification\",\"valueRequired\":true,\"valueName\":\"search_term_string\"}}],\"inLanguage\":\"fr-FR\"}]}<\/script>\n<!-- \/ Yoast SEO plugin. -->","yoast_head_json":{"title":"Appels \u00e0 projets en cours - Franc\u00fazsky in\u0161tit\u00fat na Slovensku","robots":{"index":"index","follow":"follow","max-snippet":"max-snippet:-1","max-image-preview":"max-image-preview:large","max-video-preview":"max-video-preview:-1"},"canonical":"https:\/\/institutfrancais.sk\/fr\/appels-a-projets-en-cours\/","og_locale":"fr_FR","og_type":"article","og_title":"Appels \u00e0 projets en cours - Franc\u00fazsky in\u0161tit\u00fat na Slovensku","og_description":"Vous trouverez ici une liste d\u2019appels \u00e0 projets qui peuvent servir la coop\u00e9ration scientifique ou universitaire franco-slovaque et qui sont propos\u00e9s par des institutions autres que l\u2019Institut fran\u00e7ais de Slovaquie.&nbsp; Enfin, pour plus d\u2019informations sur d\u2019autres possibilit\u00e9s de bourses (CROUS, bourses r\u00e9gionales, etc.), vous pouvez consulter le moteur de recherche de bourses Campus France :\u00a0cliquez [&hellip;]","og_url":"https:\/\/institutfrancais.sk\/fr\/appels-a-projets-en-cours\/","og_site_name":"Franc\u00fazsky in\u0161tit\u00fat na Slovensku","article_modified_time":"2026-01-12T16:21:02+00:00","og_image":[{"width":2560,"height":1920,"url":"https:\/\/institutfrancais.sk\/wp-content\/uploads\/2023\/01\/pexels-andrea-piacquadio-3761509-scaled.jpg","type":"image\/jpeg"}],"twitter_card":"summary_large_image","twitter_misc":{"Dur\u00e9e de lecture estim\u00e9e":"1 minute"},"schema":{"@context":"https:\/\/schema.org","@graph":[{"@type":"WebPage","@id":"https:\/\/institutfrancais.sk\/fr\/appels-a-projets-en-cours\/","url":"https:\/\/institutfrancais.sk\/fr\/appels-a-projets-en-cours\/","name":"Appels \u00e0 projets en cours - Franc\u00fazsky in\u0161tit\u00fat na Slovensku","isPartOf":{"@id":"https:\/\/institutfrancais.sk\/fr\/#website"},"primaryImageOfPage":{"@id":"https:\/\/institutfrancais.sk\/fr\/appels-a-projets-en-cours\/#primaryimage"},"image":{"@id":"https:\/\/institutfrancais.sk\/fr\/appels-a-projets-en-cours\/#primaryimage"},"thumbnailUrl":"https:\/\/institutfrancais.sk\/wp-content\/uploads\/2023\/01\/pexels-andrea-piacquadio-3761509-scaled.jpg","datePublished":"2023-01-12T14:03:12+00:00","dateModified":"2026-01-12T16:21:02+00:00","breadcrumb":{"@id":"https:\/\/institutfrancais.sk\/fr\/appels-a-projets-en-cours\/#breadcrumb"},"inLanguage":"fr-FR","potentialAction":[{"@type":"ReadAction","target":["https:\/\/institutfrancais.sk\/fr\/appels-a-projets-en-cours\/"]}]},{"@type":"ImageObject","inLanguage":"fr-FR","@id":"https:\/\/institutfrancais.sk\/fr\/appels-a-projets-en-cours\/#primaryimage","url":"https:\/\/institutfrancais.sk\/wp-content\/uploads\/2023\/01\/pexels-andrea-piacquadio-3761509-scaled.jpg","contentUrl":"https:\/\/institutfrancais.sk\/wp-content\/uploads\/2023\/01\/pexels-andrea-piacquadio-3761509-scaled.jpg","width":2560,"height":1920},{"@type":"BreadcrumbList","@id":"https:\/\/institutfrancais.sk\/fr\/appels-a-projets-en-cours\/#breadcrumb","itemListElement":[{"@type":"ListItem","position":1,"name":"Home","item":"https:\/\/institutfrancais.sk\/fr\/"},{"@type":"ListItem","position":2,"name":"Appels \u00e0 projets en cours"}]},{"@type":"WebSite","@id":"https:\/\/institutfrancais.sk\/fr\/#website","url":"https:\/\/institutfrancais.sk\/fr\/","name":"Franc\u00fazsky in\u0161tit\u00fat na Slovensku","description":"Franc\u00fazsky in\u0161tit\u00fat na Slovensku","potentialAction":[{"@type":"SearchAction","target":{"@type":"EntryPoint","urlTemplate":"https:\/\/institutfrancais.sk\/fr\/?s={search_term_string}"},"query-input":{"@type":"PropertyValueSpecification","valueRequired":true,"valueName":"search_term_string"}}],"inLanguage":"fr-FR"}]}},"_links":{"self":[{"href":"https:\/\/institutfrancais.sk\/fr\/wp-json\/wp\/v2\/pages\/27552"}],"collection":[{"href":"https:\/\/institutfrancais.sk\/fr\/wp-json\/wp\/v2\/pages"}],"about":[{"href":"https:\/\/institutfrancais.sk\/fr\/wp-json\/wp\/v2\/types\/page"}],"author":[{"embeddable":true,"href":"https:\/\/institutfrancais.sk\/fr\/wp-json\/wp\/v2\/users\/14"}],"replies":[{"embeddable":true,"href":"https:\/\/institutfrancais.sk\/fr\/wp-json\/wp\/v2\/comments?post=27552"}],"version-history":[{"count":4,"href":"https:\/\/institutfrancais.sk\/fr\/wp-json\/wp\/v2\/pages\/27552\/revisions"}],"predecessor-version":[{"id":38357,"href":"https:\/\/institutfrancais.sk\/fr\/wp-json\/wp\/v2\/pages\/27552\/revisions\/38357"}],"wp:featuredmedia":[{"embeddable":true,"href":"https:\/\/institutfrancais.sk\/fr\/wp-json\/wp\/v2\/media\/25045"}],"wp:attachment":[{"href":"https:\/\/institutfrancais.sk\/fr\/wp-json\/wp\/v2\/media?parent=27552"}],"curies":[{"name":"wp","href":"https:\/\/api.w.org\/{rel}","templated":true}]}}