{"id":32558,"date":"2026-01-21T10:32:00","date_gmt":"2026-01-21T09:32:00","guid":{"rendered":"https:\/\/institutfrancais.sk\/?page_id=32558"},"modified":"2026-04-10T10:53:37","modified_gmt":"2026-04-10T08:53:37","slug":"prix-scientifique-co2-free","status":"publish","type":"page","link":"https:\/\/institutfrancais.sk\/fr\/prix-scientifique-co2-free\/","title":{"rendered":"Prix CO2-Free: PROLONGATION ET OUVERTURE AUX DOCTORANTS !"},"content":{"rendered":"\n<p>La date limite de d\u00e9p\u00f4t de candidature pour le prix CO2 Free est <strong>PROLONG\u00c9E JUSQU\u2019AU AU 22 MAI 2026 <\/strong>pour le domaine suivant\u00a0:<\/p>\n\n\n\n<ol start=\"1\" style=\"list-style-type:lower-alpha\">\n<li><em><strong>sciences et technologies relatives \u00e0 l\u2019\u00e9nergie nucl\u00e9aire, notamment \u00e9lectronucl\u00e9aire<\/strong><\/em><\/li>\n<\/ol>\n\n\n\n<p>Les conditions sont <strong>\u00c9LARGIES AUX CANDIDATS DOCTORANTS EN PLUS DES DOCTEURS&nbsp;: <\/strong>peuvent candidater les personnes qui, \u00e0 la date de soumission de leur candidature, sont inscrites en doctorat ou titulaires d\u2019un doctorat et travaillent dans une universit\u00e9, institution de recherche ou dans une entreprise technologique slovaque.<\/p>\n\n\n\n<p>Les candidatures devront \u00eatre soumises en anglais par courriel \u00e0\u00a0<a href=\"mailto:martina.saganova@institutfrancais.sk\">martina.saganova@institutfrancais.sk<\/a>\u00a0<strong>avant le 22 mai 2026<\/strong> pour les candidats doctorants ou docteurs du domaine a. <em><strong>sciences et technologies relatives \u00e0 l\u2019\u00e9nergie nucl\u00e9aire, notamment \u00e9lectronucl\u00e9aire<\/strong><\/em><\/p>\n\n\n\n<p>Les dossiers de candidatures comprennent&nbsp;:<\/p>\n\n\n\n<ul>\n<li>un curriculum vitae acad\u00e9mique, comprenant une liste de publications ;<\/li>\n\n\n\n<li>une pr\u00e9sentation des activit\u00e9s de recherche du candidat qui inclut leurs applications ou leur potentiel d\u2019application, en cinq pages maximum ;<\/li>\n\n\n\n<li>un r\u00e9sum\u00e9 de cette pr\u00e9sentation des activit\u00e9s de recherche en une demi-page maximum&nbsp;;<\/li>\n\n\n\n<li>une lettre du directeur de l\u2019institution auquel le candidat est affili\u00e9, &nbsp;confirmant son affiliation.<\/li>\n<\/ul>\n\n\n\n<p>Pour rappel, le r\u00e8glement complet du concours est disponible&nbsp;<a href=\"https:\/\/institutfrancais.sk\/wp-content\/uploads\/2026\/01\/PrixCO2free_reglementFR-2025.pdf\" target=\"_blank\" rel=\"noreferrer noopener\">ici<\/a>&nbsp;en fran\u00e7ais.<\/p>\n","protected":false},"excerpt":{"rendered":"<p>La date limite de d\u00e9p\u00f4t de candidature pour le prix CO2 Free est PROLONG\u00c9E JUSQU\u2019AU AU 22 MAI 2026 pour le domaine suivant\u00a0: Les conditions sont \u00c9LARGIES AUX CANDIDATS DOCTORANTS EN PLUS DES DOCTEURS&nbsp;: peuvent candidater les personnes qui, \u00e0 la date de soumission de leur candidature, sont inscrites en doctorat ou titulaires d\u2019un doctorat [&hellip;]<\/p>\n","protected":false},"author":20,"featured_media":39316,"parent":0,"menu_order":0,"comment_status":"closed","ping_status":"closed","template":"","meta":{"_acf_changed":false,"footnotes":""},"acf":[],"yoast_head":"<!-- This site is optimized with the Yoast SEO plugin v24.5 - https:\/\/yoast.com\/wordpress\/plugins\/seo\/ -->\n<title>Prix CO2-Free: PROLONGATION ET OUVERTURE AUX DOCTORANTS ! - Franc\u00fazsky in\u0161tit\u00fat na Slovensku<\/title>\n<meta name=\"description\" content=\"Framatome et l\u2019Ambassade de France en Slovaquie lancent la premi\u00e8re \u00e9dition du prix \u00ab CO2-free \u00bb visant \u00e0 soutenir la recherche scientifique slovaque dans les domaines qui contribuent \u00e0 la protection de l\u2019environnement.Un prix sera d\u00e9cern\u00e9 dans chacune des deux disciplines suivantes :a. applications aux technologies de l\u2019\u00e9nergie nucl\u00e9aire,b. contributions scientifiques \u00e0 la protection de l\u2019environnement.Les gagnants recevront chacun 2000\u20ac de Framatome et b\u00e9n\u00e9ficieront d\u2019un s\u00e9jour de recherche d\u2019un mois dans l\u2019institution fran\u00e7aise de leur choix en 2025, financ\u00e9 par l\u2019Ambassade de France en Slovaquie.\" \/>\n<meta name=\"robots\" content=\"index, follow, max-snippet:-1, max-image-preview:large, max-video-preview:-1\" \/>\n<link rel=\"canonical\" href=\"https:\/\/institutfrancais.sk\/fr\/prix-scientifique-co2-free\/\" \/>\n<meta property=\"og:locale\" content=\"fr_FR\" \/>\n<meta property=\"og:type\" content=\"article\" \/>\n<meta property=\"og:title\" content=\"Prix CO2-Free: PROLONGATION ET OUVERTURE AUX DOCTORANTS ! - Franc\u00fazsky in\u0161tit\u00fat na Slovensku\" \/>\n<meta property=\"og:description\" content=\"Framatome et l\u2019Ambassade de France en Slovaquie lancent la premi\u00e8re \u00e9dition du prix \u00ab CO2-free \u00bb visant \u00e0 soutenir la recherche scientifique slovaque dans les domaines qui contribuent \u00e0 la protection de l\u2019environnement.Un prix sera d\u00e9cern\u00e9 dans chacune des deux disciplines suivantes :a. applications aux technologies de l\u2019\u00e9nergie nucl\u00e9aire,b. contributions scientifiques \u00e0 la protection de l\u2019environnement.Les gagnants recevront chacun 2000\u20ac de Framatome et b\u00e9n\u00e9ficieront d\u2019un s\u00e9jour de recherche d\u2019un mois dans l\u2019institution fran\u00e7aise de leur choix en 2025, financ\u00e9 par l\u2019Ambassade de France en Slovaquie.\" \/>\n<meta property=\"og:url\" content=\"https:\/\/institutfrancais.sk\/fr\/prix-scientifique-co2-free\/\" \/>\n<meta property=\"og:site_name\" content=\"Franc\u00fazsky in\u0161tit\u00fat na Slovensku\" \/>\n<meta property=\"article:modified_time\" content=\"2026-04-10T08:53:37+00:00\" \/>\n<meta property=\"og:image\" content=\"https:\/\/institutfrancais.sk\/wp-content\/uploads\/2026\/04\/Framatome-prix-2025-2.jpg\" \/>\n\t<meta property=\"og:image:width\" content=\"1190\" \/>\n\t<meta property=\"og:image:height\" content=\"669\" \/>\n\t<meta property=\"og:image:type\" content=\"image\/jpeg\" \/>\n<meta name=\"twitter:card\" content=\"summary_large_image\" \/>\n<meta name=\"twitter:label1\" content=\"Dur\u00e9e de lecture estim\u00e9e\" \/>\n\t<meta name=\"twitter:data1\" content=\"2 minutes\" \/>\n<script type=\"application\/ld+json\" class=\"yoast-schema-graph\">{\"@context\":\"https:\/\/schema.org\",\"@graph\":[{\"@type\":\"WebPage\",\"@id\":\"https:\/\/institutfrancais.sk\/fr\/prix-scientifique-co2-free\/\",\"url\":\"https:\/\/institutfrancais.sk\/fr\/prix-scientifique-co2-free\/\",\"name\":\"Prix CO2-Free: PROLONGATION ET OUVERTURE AUX DOCTORANTS ! - Franc\u00fazsky in\u0161tit\u00fat na Slovensku\",\"isPartOf\":{\"@id\":\"https:\/\/institutfrancais.sk\/fr\/#website\"},\"primaryImageOfPage\":{\"@id\":\"https:\/\/institutfrancais.sk\/fr\/prix-scientifique-co2-free\/#primaryimage\"},\"image\":{\"@id\":\"https:\/\/institutfrancais.sk\/fr\/prix-scientifique-co2-free\/#primaryimage\"},\"thumbnailUrl\":\"https:\/\/institutfrancais.sk\/wp-content\/uploads\/2026\/04\/Framatome-prix-2025-2.jpg\",\"datePublished\":\"2026-01-21T09:32:00+00:00\",\"dateModified\":\"2026-04-10T08:53:37+00:00\",\"description\":\"Framatome et l\u2019Ambassade de France en Slovaquie lancent la premi\u00e8re \u00e9dition du prix \u00ab CO2-free \u00bb visant \u00e0 soutenir la recherche scientifique slovaque dans les domaines qui contribuent \u00e0 la protection de l\u2019environnement.Un prix sera d\u00e9cern\u00e9 dans chacune des deux disciplines suivantes :a. applications aux technologies de l\u2019\u00e9nergie nucl\u00e9aire,b. contributions scientifiques \u00e0 la protection de l\u2019environnement.Les gagnants recevront chacun 2000\u20ac de Framatome et b\u00e9n\u00e9ficieront d\u2019un s\u00e9jour de recherche d\u2019un mois dans l\u2019institution fran\u00e7aise de leur choix en 2025, financ\u00e9 par l\u2019Ambassade de France en Slovaquie.\",\"breadcrumb\":{\"@id\":\"https:\/\/institutfrancais.sk\/fr\/prix-scientifique-co2-free\/#breadcrumb\"},\"inLanguage\":\"fr-FR\",\"potentialAction\":[{\"@type\":\"ReadAction\",\"target\":[\"https:\/\/institutfrancais.sk\/fr\/prix-scientifique-co2-free\/\"]}]},{\"@type\":\"ImageObject\",\"inLanguage\":\"fr-FR\",\"@id\":\"https:\/\/institutfrancais.sk\/fr\/prix-scientifique-co2-free\/#primaryimage\",\"url\":\"https:\/\/institutfrancais.sk\/wp-content\/uploads\/2026\/04\/Framatome-prix-2025-2.jpg\",\"contentUrl\":\"https:\/\/institutfrancais.sk\/wp-content\/uploads\/2026\/04\/Framatome-prix-2025-2.jpg\",\"width\":1190,\"height\":669},{\"@type\":\"BreadcrumbList\",\"@id\":\"https:\/\/institutfrancais.sk\/fr\/prix-scientifique-co2-free\/#breadcrumb\",\"itemListElement\":[{\"@type\":\"ListItem\",\"position\":1,\"name\":\"Home\",\"item\":\"https:\/\/institutfrancais.sk\/fr\/\"},{\"@type\":\"ListItem\",\"position\":2,\"name\":\"Prix CO2-Free: PROLONGATION ET OUVERTURE AUX DOCTORANTS !\"}]},{\"@type\":\"WebSite\",\"@id\":\"https:\/\/institutfrancais.sk\/fr\/#website\",\"url\":\"https:\/\/institutfrancais.sk\/fr\/\",\"name\":\"Franc\u00fazsky in\u0161tit\u00fat na Slovensku\",\"description\":\"Franc\u00fazsky in\u0161tit\u00fat na Slovensku\",\"potentialAction\":[{\"@type\":\"SearchAction\",\"target\":{\"@type\":\"EntryPoint\",\"urlTemplate\":\"https:\/\/institutfrancais.sk\/fr\/?s={search_term_string}\"},\"query-input\":{\"@type\":\"PropertyValueSpecification\",\"valueRequired\":true,\"valueName\":\"search_term_string\"}}],\"inLanguage\":\"fr-FR\"}]}<\/script>\n<!-- \/ Yoast SEO plugin. -->","yoast_head_json":{"title":"Prix CO2-Free: PROLONGATION ET OUVERTURE AUX DOCTORANTS ! - Franc\u00fazsky in\u0161tit\u00fat na Slovensku","description":"Framatome et l\u2019Ambassade de France en Slovaquie lancent la premi\u00e8re \u00e9dition du prix \u00ab CO2-free \u00bb visant \u00e0 soutenir la recherche scientifique slovaque dans les domaines qui contribuent \u00e0 la protection de l\u2019environnement.Un prix sera d\u00e9cern\u00e9 dans chacune des deux disciplines suivantes :a. applications aux technologies de l\u2019\u00e9nergie nucl\u00e9aire,b. contributions scientifiques \u00e0 la protection de l\u2019environnement.Les gagnants recevront chacun 2000\u20ac de Framatome et b\u00e9n\u00e9ficieront d\u2019un s\u00e9jour de recherche d\u2019un mois dans l\u2019institution fran\u00e7aise de leur choix en 2025, financ\u00e9 par l\u2019Ambassade de France en Slovaquie.","robots":{"index":"index","follow":"follow","max-snippet":"max-snippet:-1","max-image-preview":"max-image-preview:large","max-video-preview":"max-video-preview:-1"},"canonical":"https:\/\/institutfrancais.sk\/fr\/prix-scientifique-co2-free\/","og_locale":"fr_FR","og_type":"article","og_title":"Prix CO2-Free: PROLONGATION ET OUVERTURE AUX DOCTORANTS ! - Franc\u00fazsky in\u0161tit\u00fat na Slovensku","og_description":"Framatome et l\u2019Ambassade de France en Slovaquie lancent la premi\u00e8re \u00e9dition du prix \u00ab CO2-free \u00bb visant \u00e0 soutenir la recherche scientifique slovaque dans les domaines qui contribuent \u00e0 la protection de l\u2019environnement.Un prix sera d\u00e9cern\u00e9 dans chacune des deux disciplines suivantes :a. applications aux technologies de l\u2019\u00e9nergie nucl\u00e9aire,b. contributions scientifiques \u00e0 la protection de l\u2019environnement.Les gagnants recevront chacun 2000\u20ac de Framatome et b\u00e9n\u00e9ficieront d\u2019un s\u00e9jour de recherche d\u2019un mois dans l\u2019institution fran\u00e7aise de leur choix en 2025, financ\u00e9 par l\u2019Ambassade de France en Slovaquie.","og_url":"https:\/\/institutfrancais.sk\/fr\/prix-scientifique-co2-free\/","og_site_name":"Franc\u00fazsky in\u0161tit\u00fat na Slovensku","article_modified_time":"2026-04-10T08:53:37+00:00","og_image":[{"width":1190,"height":669,"url":"https:\/\/institutfrancais.sk\/wp-content\/uploads\/2026\/04\/Framatome-prix-2025-2.jpg","type":"image\/jpeg"}],"twitter_card":"summary_large_image","twitter_misc":{"Dur\u00e9e de lecture estim\u00e9e":"2 minutes"},"schema":{"@context":"https:\/\/schema.org","@graph":[{"@type":"WebPage","@id":"https:\/\/institutfrancais.sk\/fr\/prix-scientifique-co2-free\/","url":"https:\/\/institutfrancais.sk\/fr\/prix-scientifique-co2-free\/","name":"Prix CO2-Free: PROLONGATION ET OUVERTURE AUX DOCTORANTS ! - Franc\u00fazsky in\u0161tit\u00fat na Slovensku","isPartOf":{"@id":"https:\/\/institutfrancais.sk\/fr\/#website"},"primaryImageOfPage":{"@id":"https:\/\/institutfrancais.sk\/fr\/prix-scientifique-co2-free\/#primaryimage"},"image":{"@id":"https:\/\/institutfrancais.sk\/fr\/prix-scientifique-co2-free\/#primaryimage"},"thumbnailUrl":"https:\/\/institutfrancais.sk\/wp-content\/uploads\/2026\/04\/Framatome-prix-2025-2.jpg","datePublished":"2026-01-21T09:32:00+00:00","dateModified":"2026-04-10T08:53:37+00:00","description":"Framatome et l\u2019Ambassade de France en Slovaquie lancent la premi\u00e8re \u00e9dition du prix \u00ab CO2-free \u00bb visant \u00e0 soutenir la recherche scientifique slovaque dans les domaines qui contribuent \u00e0 la protection de l\u2019environnement.Un prix sera d\u00e9cern\u00e9 dans chacune des deux disciplines suivantes :a. applications aux technologies de l\u2019\u00e9nergie nucl\u00e9aire,b. contributions scientifiques \u00e0 la protection de l\u2019environnement.Les gagnants recevront chacun 2000\u20ac de Framatome et b\u00e9n\u00e9ficieront d\u2019un s\u00e9jour de recherche d\u2019un mois dans l\u2019institution fran\u00e7aise de leur choix en 2025, financ\u00e9 par l\u2019Ambassade de France en Slovaquie.","breadcrumb":{"@id":"https:\/\/institutfrancais.sk\/fr\/prix-scientifique-co2-free\/#breadcrumb"},"inLanguage":"fr-FR","potentialAction":[{"@type":"ReadAction","target":["https:\/\/institutfrancais.sk\/fr\/prix-scientifique-co2-free\/"]}]},{"@type":"ImageObject","inLanguage":"fr-FR","@id":"https:\/\/institutfrancais.sk\/fr\/prix-scientifique-co2-free\/#primaryimage","url":"https:\/\/institutfrancais.sk\/wp-content\/uploads\/2026\/04\/Framatome-prix-2025-2.jpg","contentUrl":"https:\/\/institutfrancais.sk\/wp-content\/uploads\/2026\/04\/Framatome-prix-2025-2.jpg","width":1190,"height":669},{"@type":"BreadcrumbList","@id":"https:\/\/institutfrancais.sk\/fr\/prix-scientifique-co2-free\/#breadcrumb","itemListElement":[{"@type":"ListItem","position":1,"name":"Home","item":"https:\/\/institutfrancais.sk\/fr\/"},{"@type":"ListItem","position":2,"name":"Prix CO2-Free: PROLONGATION ET OUVERTURE AUX DOCTORANTS !"}]},{"@type":"WebSite","@id":"https:\/\/institutfrancais.sk\/fr\/#website","url":"https:\/\/institutfrancais.sk\/fr\/","name":"Franc\u00fazsky in\u0161tit\u00fat na Slovensku","description":"Franc\u00fazsky in\u0161tit\u00fat na Slovensku","potentialAction":[{"@type":"SearchAction","target":{"@type":"EntryPoint","urlTemplate":"https:\/\/institutfrancais.sk\/fr\/?s={search_term_string}"},"query-input":{"@type":"PropertyValueSpecification","valueRequired":true,"valueName":"search_term_string"}}],"inLanguage":"fr-FR"}]}},"_links":{"self":[{"href":"https:\/\/institutfrancais.sk\/fr\/wp-json\/wp\/v2\/pages\/32558"}],"collection":[{"href":"https:\/\/institutfrancais.sk\/fr\/wp-json\/wp\/v2\/pages"}],"about":[{"href":"https:\/\/institutfrancais.sk\/fr\/wp-json\/wp\/v2\/types\/page"}],"author":[{"embeddable":true,"href":"https:\/\/institutfrancais.sk\/fr\/wp-json\/wp\/v2\/users\/20"}],"replies":[{"embeddable":true,"href":"https:\/\/institutfrancais.sk\/fr\/wp-json\/wp\/v2\/comments?post=32558"}],"version-history":[{"count":9,"href":"https:\/\/institutfrancais.sk\/fr\/wp-json\/wp\/v2\/pages\/32558\/revisions"}],"predecessor-version":[{"id":39319,"href":"https:\/\/institutfrancais.sk\/fr\/wp-json\/wp\/v2\/pages\/32558\/revisions\/39319"}],"wp:featuredmedia":[{"embeddable":true,"href":"https:\/\/institutfrancais.sk\/fr\/wp-json\/wp\/v2\/media\/39316"}],"wp:attachment":[{"href":"https:\/\/institutfrancais.sk\/fr\/wp-json\/wp\/v2\/media?parent=32558"}],"curies":[{"name":"wp","href":"https:\/\/api.w.org\/{rel}","templated":true}]}}