{"id":3665,"date":"2020-02-03T18:16:35","date_gmt":"2020-02-03T17:16:35","guid":{"rendered":"https:\/\/institutfrancais.sk\/?page_id=3665"},"modified":"2025-05-13T16:17:30","modified_gmt":"2025-05-13T14:17:30","slug":"informations-pratiques","status":"publish","type":"page","link":"https:\/\/institutfrancais.sk\/fr\/mediatheque\/informations-pratiques\/","title":{"rendered":"Informations pratiques"},"content":{"rendered":"\n<p>La consultation des documents sur place est possible sans adh\u00e9sion. Pour emprunter des documents \u00e0 la m\u00e9diath\u00e8que, vous devez vous procurer la carte de membre de l&rsquo;Institut fran\u00e7ais, IF Pass, qui vous donne \u00e9galement acc\u00e8s \u00e0 la biblioth\u00e8que num\u00e9rique <em>Cultureth\u00e8que<\/em>, ainsi qu&rsquo;\u00e0 des r\u00e9ductions chez nos partenaires. &nbsp;&nbsp;<\/p>\n\n\n\n<p><\/p>\n\n\n<div class=\"space xs\"><\/div>\n\n<div class=\"accordion-menu\"><a href=\"#a1-\" class=\"smooth\"><\/a><\/div><div class=\"accordion\" id=\"a470\"><div class=\"card\"><div class=\"card-header\" id=\"ha470_1\"><h3 class=\"card-opener\"><button class=\"collapsed\" type=\"button\" data-toggle=\"collapse\" data-target=\"#ca470_1\" aria-expanded=\"true\" aria-controls=\"ca470_1\">Inscription<span class=\"plus\"><svg viewBox=\"0 0 29 29\" xmlns=\"http:\/\/www.w3.org\/2000\/svg\"><path d=\"M28.2857 12.9286V16.7857C28.2857 17.3214 28.0982 17.7768 27.7232 18.1518C27.3482 18.5268 26.8929 18.7143 26.3571 18.7143H18V27.0714C18 27.6071 17.8125 28.0625 17.4375 28.4375C17.0625 28.8125 16.6071 29 16.0714 29H12.2143C11.6786 29 11.2232 28.8125 10.8482 28.4375C10.4732 28.0625 10.2857 27.6071 10.2857 27.0714V18.7143H1.92857C1.39286 18.7143 0.9375 18.5268 0.5625 18.1518C0.1875 17.7768 0 17.3214 0 16.7857V12.9286C0 12.3929 0.1875 11.9375 0.5625 11.5625C0.9375 11.1875 1.39286 11 1.92857 11H10.2857V2.64286C10.2857 2.10714 10.4732 1.65178 10.8482 1.27678C11.2232 0.901784 11.6786 0.714284 12.2143 0.714284H16.0714C16.6071 0.714284 17.0625 0.901784 17.4375 1.27678C17.8125 1.65178 18 2.10714 18 2.64286V11H26.3571C26.8929 11 27.3482 11.1875 27.7232 11.5625C28.0982 11.9375 28.2857 12.3929 28.2857 12.9286Z\"><\/svg><\/span><span class=\"minus\"><svg viewBox=\"0 0 29 8\" xmlns=\"http:\/\/www.w3.org\/2000\/svg\"><path d=\"M28.2857 1.92857V5.78571C28.2857 6.32143 28.0982 6.77679 27.7232 7.15179C27.3482 7.52679 26.8929 7.71429 26.3571 7.71429H1.92857C1.39286 7.71429 0.9375 7.52679 0.5625 7.15179C0.1875 6.77679 0 6.32143 0 5.78571V1.92857C0 1.39286 0.1875 0.937499 0.5625 0.562499C0.9375 0.1875 1.39286 0 1.92857 0H26.3571C26.8929 0 27.3482 0.1875 27.7232 0.562499C28.0982 0.937499 28.2857 1.39286 28.2857 1.92857Z\"><\/svg><\/span><\/button><\/h3><\/div><div id=\"ca470_1\" class=\"collapse\" aria-labelledby=\"ha470_1\" data-parent=\"#a470\"><div class=\"card-body\"><p>Pour vous inscrire \u00e0 la m\u00e9diath\u00e8que et obtenir la <strong>carte IF PASS<\/strong>, vous devez :<\/p>\n<ul>\n<li>remplir <strong><a href=\"https:\/\/institutfrancais.sk\/wp-content\/uploads\/2023\/03\/Fiche-dinscription-2023.doc\">fiche d&rsquo;inscripton<\/a><\/strong><\/li>\n<li>pr\u00e9senter votre carte d\u2019identit\u00e9 ou carte de r\u00e9sident<\/li>\n<li>verser une cotisation annuelle (en esp\u00e8ces ou par carte bancaire)<\/li>\n<li>lors de l\u2019<strong>inscription en ligne <\/strong>le paiement par<strong> virement bancaire <\/strong>est possible. Merci de remplir cette <a href=\"https:\/\/institutfrancais.sk\/wp-content\/uploads\/2023\/03\/Fiche-dinscription-2023.doc\"><strong>fiche d\u2019inscription<\/strong><\/a> et de la retourner \u00e0 <a class=\"ready\" href=\"https:\/\/institutfrancais.sk\/wp-admin\/post.php?post=2098&amp;action=edit&amp;lang=fr&amp;admin_bar=1#\"><strong>biblio@institutfrancais.sk<\/strong><\/a><strong>. <\/strong>Votre <strong>carte IF Pass<\/strong> sera disponible \u00e0 la m\u00e9diath\u00e8que lors de votre premi\u00e8re visite de la m\u00e9diath\u00e8que sous condition de la r\u00e9ception du paiement.<\/li>\n<\/ul>\n<\/div><\/div><\/div><div class=\"card\"><div class=\"card-header\" id=\"ha470_2\"><h3 class=\"card-opener\"><button class=\"collapsed\" type=\"button\" data-toggle=\"collapse\" data-target=\"#ca470_2\" aria-expanded=\"true\" aria-controls=\"ca470_2\">Tarif annuel pour l&rsquo;IF Pass<span class=\"plus\"><svg viewBox=\"0 0 29 29\" xmlns=\"http:\/\/www.w3.org\/2000\/svg\"><path d=\"M28.2857 12.9286V16.7857C28.2857 17.3214 28.0982 17.7768 27.7232 18.1518C27.3482 18.5268 26.8929 18.7143 26.3571 18.7143H18V27.0714C18 27.6071 17.8125 28.0625 17.4375 28.4375C17.0625 28.8125 16.6071 29 16.0714 29H12.2143C11.6786 29 11.2232 28.8125 10.8482 28.4375C10.4732 28.0625 10.2857 27.6071 10.2857 27.0714V18.7143H1.92857C1.39286 18.7143 0.9375 18.5268 0.5625 18.1518C0.1875 17.7768 0 17.3214 0 16.7857V12.9286C0 12.3929 0.1875 11.9375 0.5625 11.5625C0.9375 11.1875 1.39286 11 1.92857 11H10.2857V2.64286C10.2857 2.10714 10.4732 1.65178 10.8482 1.27678C11.2232 0.901784 11.6786 0.714284 12.2143 0.714284H16.0714C16.6071 0.714284 17.0625 0.901784 17.4375 1.27678C17.8125 1.65178 18 2.10714 18 2.64286V11H26.3571C26.8929 11 27.3482 11.1875 27.7232 11.5625C28.0982 11.9375 28.2857 12.3929 28.2857 12.9286Z\"><\/svg><\/span><span class=\"minus\"><svg viewBox=\"0 0 29 8\" xmlns=\"http:\/\/www.w3.org\/2000\/svg\"><path d=\"M28.2857 1.92857V5.78571C28.2857 6.32143 28.0982 6.77679 27.7232 7.15179C27.3482 7.52679 26.8929 7.71429 26.3571 7.71429H1.92857C1.39286 7.71429 0.9375 7.52679 0.5625 7.15179C0.1875 6.77679 0 6.32143 0 5.78571V1.92857C0 1.39286 0.1875 0.937499 0.5625 0.562499C0.9375 0.1875 1.39286 0 1.92857 0H26.3571C26.8929 0 27.3482 0.1875 27.7232 0.562499C28.0982 0.937499 28.2857 1.39286 28.2857 1.92857Z\"><\/svg><\/span><\/button><\/h3><\/div><div id=\"ca470_2\" class=\"collapse\" aria-labelledby=\"ha470_2\" data-parent=\"#a470\"><div class=\"card-body\"><p>Gr\u00e2ce \u00e0 la carte de membre l&rsquo;IF Pass, vous avez un acc\u00e8s illimit\u00e9 \u00e0 la m\u00e9diath\u00e8que, \u00e0 la la biblioth\u00e8que num\u00e9rique <a href=\"http:\/\/www.culturetheque.com\/exploitation\/SVK\/accueil-portal.aspx\"><em><strong>Cultureth\u00e8que<\/strong><\/em><\/a> ainsi que des r\u00e9ductions chez <a href=\"https:\/\/institutfrancais.sk\/fr\/if-pass\/\"><strong>nos partenaires<\/strong><\/a>.<\/p>\n<p>&nbsp;<\/p>\n<table class=\" alignleft\" style=\"width: 95.6037%; height: 168px;\">\n<tbody>\n<tr style=\"height: 24px;\">\n<td style=\"height: 24px;\" width=\"468\">Adultes<\/td>\n<td style=\"height: 24px;\" width=\"136\"><strong>18&nbsp;\u20ac<\/strong><\/td>\n<\/tr>\n<tr style=\"height: 48px;\">\n<td style=\"height: 48px;\" width=\"468\">Enfants, \u00e9tudiants (avec la carte ISIC), seniors, enseignants de fran\u00e7ais<\/td>\n<td style=\"height: 48px;\" width=\"136\"><strong>10&nbsp;\u20ac<\/strong><\/td>\n<\/tr>\n<tr style=\"height: 24px;\">\n<td style=\"height: 24px;\" width=\"468\">\u00c9tudiants de l&rsquo;Institut fran\u00e7ais<\/td>\n<td style=\"height: 24px;\" width=\"136\"><strong>Gratuit <\/strong>(pendant un an)<\/td>\n<\/tr>\n<tr style=\"height: 72px;\">\n<td style=\"height: 72px;\" width=\"468\"><\/td>\n<td style=\"height: 72px;\" width=\"136\"><\/td>\n<\/tr>\n<\/tbody>\n<\/table>\n<p>&nbsp;<\/p>\n<p><em>Les personnes int\u00e9ress\u00e9es n\u2019ayant pas de domicile permanent en Slovaquie versent une caution de <strong>33 euros<\/strong> qui leur sera rembours\u00e9e \u00e0 leur d\u00e9part.<\/em><\/p>\n<\/div><\/div><\/div><div class=\"card\"><div class=\"card-header\" id=\"ha470_3\"><h3 class=\"card-opener\"><button class=\"collapsed\" type=\"button\" data-toggle=\"collapse\" data-target=\"#ca470_3\" aria-expanded=\"true\" aria-controls=\"ca470_3\">Conditions de pr\u00eat<span class=\"plus\"><svg viewBox=\"0 0 29 29\" xmlns=\"http:\/\/www.w3.org\/2000\/svg\"><path d=\"M28.2857 12.9286V16.7857C28.2857 17.3214 28.0982 17.7768 27.7232 18.1518C27.3482 18.5268 26.8929 18.7143 26.3571 18.7143H18V27.0714C18 27.6071 17.8125 28.0625 17.4375 28.4375C17.0625 28.8125 16.6071 29 16.0714 29H12.2143C11.6786 29 11.2232 28.8125 10.8482 28.4375C10.4732 28.0625 10.2857 27.6071 10.2857 27.0714V18.7143H1.92857C1.39286 18.7143 0.9375 18.5268 0.5625 18.1518C0.1875 17.7768 0 17.3214 0 16.7857V12.9286C0 12.3929 0.1875 11.9375 0.5625 11.5625C0.9375 11.1875 1.39286 11 1.92857 11H10.2857V2.64286C10.2857 2.10714 10.4732 1.65178 10.8482 1.27678C11.2232 0.901784 11.6786 0.714284 12.2143 0.714284H16.0714C16.6071 0.714284 17.0625 0.901784 17.4375 1.27678C17.8125 1.65178 18 2.10714 18 2.64286V11H26.3571C26.8929 11 27.3482 11.1875 27.7232 11.5625C28.0982 11.9375 28.2857 12.3929 28.2857 12.9286Z\"><\/svg><\/span><span class=\"minus\"><svg viewBox=\"0 0 29 8\" xmlns=\"http:\/\/www.w3.org\/2000\/svg\"><path d=\"M28.2857 1.92857V5.78571C28.2857 6.32143 28.0982 6.77679 27.7232 7.15179C27.3482 7.52679 26.8929 7.71429 26.3571 7.71429H1.92857C1.39286 7.71429 0.9375 7.52679 0.5625 7.15179C0.1875 6.77679 0 6.32143 0 5.78571V1.92857C0 1.39286 0.1875 0.937499 0.5625 0.562499C0.9375 0.1875 1.39286 0 1.92857 0H26.3571C26.8929 0 27.3482 0.1875 27.7232 0.562499C28.0982 0.937499 28.2857 1.39286 28.2857 1.92857Z\"><\/svg><\/span><\/button><\/h3><\/div><div id=\"ca470_3\" class=\"collapse\" aria-labelledby=\"ha470_3\" data-parent=\"#a470\"><div class=\"card-body\"><table style=\"width: 100%; height: 171px;\">\n<tbody>\n<tr style=\"height: 24px;\">\n<td style=\"border-style: solid; border-color: #3558A2; background-color: #dedede; height: 24px;\"><strong>Type de document<br \/>\n<\/strong><\/td>\n<td style=\"border-style: solid; border-color: #3558A2; background-color: #dedede; height: 24px;\"><strong>Dur\u00e9e<\/strong><\/td>\n<\/tr>\n<tr style=\"height: 75px;\">\n<td style=\"border-style: solid; border-color: #3558A2; height: 75px;\"><strong>Livres<\/strong> \u00e0 l\u2019exception des dictionnaires et des documents p\u00e9dagogiques portant la mention <em>consultable uniquement<\/em><\/td>\n<td style=\"border-style: solid; border-color: #3558A2; height: 99px;\" rowspan=\"2\">1 mois<\/td>\n<\/tr>\n<tr style=\"height: 24px;\">\n<td style=\"border-style: solid; border-color: #3558A2; height: 24px;\"><strong>Jeux de soci\u00e9t\u00e9<\/strong><\/td>\n<\/tr>\n<tr style=\"height: 24px;\">\n<td style=\"border-style: solid; border-color: #3558A2; height: 24px;\"><strong>P\u00e9riodiques<\/strong> \u00e0 l\u2019exception du num\u00e9ro le plus r\u00e9cent<\/td>\n<td style=\"border-style: solid; border-color: #3558A2; height: 48px;\" rowspan=\"2\">2 semaines<\/td>\n<\/tr>\n<tr style=\"height: 24px;\">\n<td style=\"border-style: solid; border-color: #3558A2; height: 24px;\"><strong>CD et DVD <\/strong>pour utilisation \u00e0 caract\u00e8re individuel et familial uniquement<\/td>\n<\/tr>\n<\/tbody>\n<\/table>\n<p>&nbsp;<\/p>\n<p>Le pr\u00eat ne peut exc\u00e9der <strong>7 documents<\/strong> <strong>dont 4 DVDs. <\/strong><\/p>\n<\/div><\/div><\/div><div class=\"card\"><div class=\"card-header\" id=\"ha470_4\"><h3 class=\"card-opener\"><button class=\"collapsed\" type=\"button\" data-toggle=\"collapse\" data-target=\"#ca470_4\" aria-expanded=\"true\" aria-controls=\"ca470_4\">P\u00e9nalit\u00e9s <span class=\"plus\"><svg viewBox=\"0 0 29 29\" xmlns=\"http:\/\/www.w3.org\/2000\/svg\"><path d=\"M28.2857 12.9286V16.7857C28.2857 17.3214 28.0982 17.7768 27.7232 18.1518C27.3482 18.5268 26.8929 18.7143 26.3571 18.7143H18V27.0714C18 27.6071 17.8125 28.0625 17.4375 28.4375C17.0625 28.8125 16.6071 29 16.0714 29H12.2143C11.6786 29 11.2232 28.8125 10.8482 28.4375C10.4732 28.0625 10.2857 27.6071 10.2857 27.0714V18.7143H1.92857C1.39286 18.7143 0.9375 18.5268 0.5625 18.1518C0.1875 17.7768 0 17.3214 0 16.7857V12.9286C0 12.3929 0.1875 11.9375 0.5625 11.5625C0.9375 11.1875 1.39286 11 1.92857 11H10.2857V2.64286C10.2857 2.10714 10.4732 1.65178 10.8482 1.27678C11.2232 0.901784 11.6786 0.714284 12.2143 0.714284H16.0714C16.6071 0.714284 17.0625 0.901784 17.4375 1.27678C17.8125 1.65178 18 2.10714 18 2.64286V11H26.3571C26.8929 11 27.3482 11.1875 27.7232 11.5625C28.0982 11.9375 28.2857 12.3929 28.2857 12.9286Z\"><\/svg><\/span><span class=\"minus\"><svg viewBox=\"0 0 29 8\" xmlns=\"http:\/\/www.w3.org\/2000\/svg\"><path d=\"M28.2857 1.92857V5.78571C28.2857 6.32143 28.0982 6.77679 27.7232 7.15179C27.3482 7.52679 26.8929 7.71429 26.3571 7.71429H1.92857C1.39286 7.71429 0.9375 7.52679 0.5625 7.15179C0.1875 6.77679 0 6.32143 0 5.78571V1.92857C0 1.39286 0.1875 0.937499 0.5625 0.562499C0.9375 0.1875 1.39286 0 1.92857 0H26.3571C26.8929 0 27.3482 0.1875 27.7232 0.562499C28.0982 0.937499 28.2857 1.39286 28.2857 1.92857Z\"><\/svg><\/span><\/button><\/h3><\/div><div id=\"ca470_4\" class=\"collapse\" aria-labelledby=\"ha470_4\" data-parent=\"#a470\"><div class=\"card-body\"><p>Un jour avant la date de retour un email de courtoisie est envoy\u00e9. <span class=\"tlid-translation translation\" lang=\"fr\"><span class=\"\" title=\"\">Si vous ne retournez pas les documents, vous recevrez un autre rappel avec la p\u00e9nalit\u00e9. <\/span><\/span>En cas de perte ou de d\u00e9t\u00e9rioration grave d\u2019un document, l\u2019emprunteur doit en assurer le remplacement ou le paiement. Les p\u00e9nalit\u00e9s de retard sont cumul\u00e9es et pay\u00e9es par groupe de documents:<\/p>\n<table>\n<tbody>\n<tr>\n<td><strong>Premier rappel<\/strong><\/td>\n<td><strong>1&nbsp;\u20ac<\/strong><\/td>\n<\/tr>\n<tr>\n<td><strong>Deuxi\u00e8me rappel<br \/>\n<\/strong><\/td>\n<td><strong>2&nbsp;\u20ac<\/strong><\/td>\n<\/tr>\n<tr>\n<td><strong>Trois\u00e8me rappel<br \/>\n<\/strong><\/td>\n<td><strong>5&nbsp;\u20ac<\/strong><\/td>\n<\/tr>\n<tr>\n<td><strong>Apr\u00e8s le recouvrement<br \/>\n<\/strong><\/td>\n<td><strong>12 a\u017e&nbsp;24&nbsp;\u20ac<\/strong><\/td>\n<\/tr>\n<\/tbody>\n<\/table>\n<\/div><\/div><\/div><\/div>","protected":false},"excerpt":{"rendered":"<p>La consultation des documents sur place est possible sans adh\u00e9sion. Pour emprunter des documents \u00e0 la m\u00e9diath\u00e8que, vous devez vous procurer la carte de membre de l&rsquo;Institut fran\u00e7ais, IF Pass, qui vous donne \u00e9galement acc\u00e8s \u00e0 la biblioth\u00e8que num\u00e9rique Cultureth\u00e8que, ainsi qu&rsquo;\u00e0 des r\u00e9ductions chez nos partenaires. &nbsp;&nbsp;<\/p>\n","protected":false},"author":1,"featured_media":31432,"parent":18942,"menu_order":0,"comment_status":"closed","ping_status":"closed","template":"template-practical-information.php","meta":{"_acf_changed":false,"footnotes":""},"acf":[],"yoast_head":"<!-- This site is optimized with the Yoast SEO plugin v24.5 - https:\/\/yoast.com\/wordpress\/plugins\/seo\/ -->\n<title>Informations pratiques - Franc\u00fazsky in\u0161tit\u00fat na Slovensku<\/title>\n<meta name=\"robots\" content=\"index, follow, max-snippet:-1, max-image-preview:large, max-video-preview:-1\" \/>\n<link rel=\"canonical\" href=\"https:\/\/institutfrancais.sk\/fr\/mediatheque\/informations-pratiques\/\" \/>\n<meta property=\"og:locale\" content=\"fr_FR\" \/>\n<meta property=\"og:type\" content=\"article\" \/>\n<meta property=\"og:title\" content=\"Informations pratiques - Franc\u00fazsky in\u0161tit\u00fat na Slovensku\" \/>\n<meta property=\"og:description\" content=\"La consultation des documents sur place est possible sans adh\u00e9sion. Pour emprunter des documents \u00e0 la m\u00e9diath\u00e8que, vous devez vous procurer la carte de membre de l&rsquo;Institut fran\u00e7ais, IF Pass, qui vous donne \u00e9galement acc\u00e8s \u00e0 la biblioth\u00e8que num\u00e9rique Cultureth\u00e8que, ainsi qu&rsquo;\u00e0 des r\u00e9ductions chez nos partenaires. &nbsp;&nbsp;\" \/>\n<meta property=\"og:url\" content=\"https:\/\/institutfrancais.sk\/fr\/mediatheque\/informations-pratiques\/\" \/>\n<meta property=\"og:site_name\" content=\"Franc\u00fazsky in\u0161tit\u00fat na Slovensku\" \/>\n<meta property=\"article:modified_time\" content=\"2025-05-13T14:17:30+00:00\" \/>\n<meta property=\"og:image\" content=\"https:\/\/institutfrancais.sk\/wp-content\/uploads\/2024\/03\/IMG_2529A-scaled.jpg\" \/>\n\t<meta property=\"og:image:width\" content=\"2560\" \/>\n\t<meta property=\"og:image:height\" content=\"1707\" \/>\n\t<meta property=\"og:image:type\" content=\"image\/jpeg\" \/>\n<meta name=\"twitter:card\" content=\"summary_large_image\" \/>\n<meta name=\"twitter:label1\" content=\"Dur\u00e9e de lecture estim\u00e9e\" \/>\n\t<meta name=\"twitter:data1\" content=\"1 minute\" \/>\n<script type=\"application\/ld+json\" class=\"yoast-schema-graph\">{\"@context\":\"https:\/\/schema.org\",\"@graph\":[{\"@type\":\"WebPage\",\"@id\":\"https:\/\/institutfrancais.sk\/fr\/mediatheque\/informations-pratiques\/\",\"url\":\"https:\/\/institutfrancais.sk\/fr\/mediatheque\/informations-pratiques\/\",\"name\":\"Informations pratiques - Franc\u00fazsky in\u0161tit\u00fat na Slovensku\",\"isPartOf\":{\"@id\":\"https:\/\/institutfrancais.sk\/fr\/#website\"},\"primaryImageOfPage\":{\"@id\":\"https:\/\/institutfrancais.sk\/fr\/mediatheque\/informations-pratiques\/#primaryimage\"},\"image\":{\"@id\":\"https:\/\/institutfrancais.sk\/fr\/mediatheque\/informations-pratiques\/#primaryimage\"},\"thumbnailUrl\":\"https:\/\/institutfrancais.sk\/wp-content\/uploads\/2024\/03\/IMG_2529A-scaled.jpg\",\"datePublished\":\"2020-02-03T17:16:35+00:00\",\"dateModified\":\"2025-05-13T14:17:30+00:00\",\"breadcrumb\":{\"@id\":\"https:\/\/institutfrancais.sk\/fr\/mediatheque\/informations-pratiques\/#breadcrumb\"},\"inLanguage\":\"fr-FR\",\"potentialAction\":[{\"@type\":\"ReadAction\",\"target\":[\"https:\/\/institutfrancais.sk\/fr\/mediatheque\/informations-pratiques\/\"]}]},{\"@type\":\"ImageObject\",\"inLanguage\":\"fr-FR\",\"@id\":\"https:\/\/institutfrancais.sk\/fr\/mediatheque\/informations-pratiques\/#primaryimage\",\"url\":\"https:\/\/institutfrancais.sk\/wp-content\/uploads\/2024\/03\/IMG_2529A-scaled.jpg\",\"contentUrl\":\"https:\/\/institutfrancais.sk\/wp-content\/uploads\/2024\/03\/IMG_2529A-scaled.jpg\",\"width\":2560,\"height\":1707},{\"@type\":\"BreadcrumbList\",\"@id\":\"https:\/\/institutfrancais.sk\/fr\/mediatheque\/informations-pratiques\/#breadcrumb\",\"itemListElement\":[{\"@type\":\"ListItem\",\"position\":1,\"name\":\"Home\",\"item\":\"https:\/\/institutfrancais.sk\/fr\/\"},{\"@type\":\"ListItem\",\"position\":2,\"name\":\"M\u00e9diath\u00e8que\",\"item\":\"https:\/\/institutfrancais.sk\/fr\/mediatheque\/\"},{\"@type\":\"ListItem\",\"position\":3,\"name\":\"Informations pratiques\"}]},{\"@type\":\"WebSite\",\"@id\":\"https:\/\/institutfrancais.sk\/fr\/#website\",\"url\":\"https:\/\/institutfrancais.sk\/fr\/\",\"name\":\"Franc\u00fazsky in\u0161tit\u00fat na Slovensku\",\"description\":\"Franc\u00fazsky in\u0161tit\u00fat na Slovensku\",\"potentialAction\":[{\"@type\":\"SearchAction\",\"target\":{\"@type\":\"EntryPoint\",\"urlTemplate\":\"https:\/\/institutfrancais.sk\/fr\/?s={search_term_string}\"},\"query-input\":{\"@type\":\"PropertyValueSpecification\",\"valueRequired\":true,\"valueName\":\"search_term_string\"}}],\"inLanguage\":\"fr-FR\"}]}<\/script>\n<!-- \/ Yoast SEO plugin. -->","yoast_head_json":{"title":"Informations pratiques - Franc\u00fazsky in\u0161tit\u00fat na Slovensku","robots":{"index":"index","follow":"follow","max-snippet":"max-snippet:-1","max-image-preview":"max-image-preview:large","max-video-preview":"max-video-preview:-1"},"canonical":"https:\/\/institutfrancais.sk\/fr\/mediatheque\/informations-pratiques\/","og_locale":"fr_FR","og_type":"article","og_title":"Informations pratiques - Franc\u00fazsky in\u0161tit\u00fat na Slovensku","og_description":"La consultation des documents sur place est possible sans adh\u00e9sion. Pour emprunter des documents \u00e0 la m\u00e9diath\u00e8que, vous devez vous procurer la carte de membre de l&rsquo;Institut fran\u00e7ais, IF Pass, qui vous donne \u00e9galement acc\u00e8s \u00e0 la biblioth\u00e8que num\u00e9rique Cultureth\u00e8que, ainsi qu&rsquo;\u00e0 des r\u00e9ductions chez nos partenaires. &nbsp;&nbsp;","og_url":"https:\/\/institutfrancais.sk\/fr\/mediatheque\/informations-pratiques\/","og_site_name":"Franc\u00fazsky in\u0161tit\u00fat na Slovensku","article_modified_time":"2025-05-13T14:17:30+00:00","og_image":[{"width":2560,"height":1707,"url":"https:\/\/institutfrancais.sk\/wp-content\/uploads\/2024\/03\/IMG_2529A-scaled.jpg","type":"image\/jpeg"}],"twitter_card":"summary_large_image","twitter_misc":{"Dur\u00e9e de lecture estim\u00e9e":"1 minute"},"schema":{"@context":"https:\/\/schema.org","@graph":[{"@type":"WebPage","@id":"https:\/\/institutfrancais.sk\/fr\/mediatheque\/informations-pratiques\/","url":"https:\/\/institutfrancais.sk\/fr\/mediatheque\/informations-pratiques\/","name":"Informations pratiques - Franc\u00fazsky in\u0161tit\u00fat na Slovensku","isPartOf":{"@id":"https:\/\/institutfrancais.sk\/fr\/#website"},"primaryImageOfPage":{"@id":"https:\/\/institutfrancais.sk\/fr\/mediatheque\/informations-pratiques\/#primaryimage"},"image":{"@id":"https:\/\/institutfrancais.sk\/fr\/mediatheque\/informations-pratiques\/#primaryimage"},"thumbnailUrl":"https:\/\/institutfrancais.sk\/wp-content\/uploads\/2024\/03\/IMG_2529A-scaled.jpg","datePublished":"2020-02-03T17:16:35+00:00","dateModified":"2025-05-13T14:17:30+00:00","breadcrumb":{"@id":"https:\/\/institutfrancais.sk\/fr\/mediatheque\/informations-pratiques\/#breadcrumb"},"inLanguage":"fr-FR","potentialAction":[{"@type":"ReadAction","target":["https:\/\/institutfrancais.sk\/fr\/mediatheque\/informations-pratiques\/"]}]},{"@type":"ImageObject","inLanguage":"fr-FR","@id":"https:\/\/institutfrancais.sk\/fr\/mediatheque\/informations-pratiques\/#primaryimage","url":"https:\/\/institutfrancais.sk\/wp-content\/uploads\/2024\/03\/IMG_2529A-scaled.jpg","contentUrl":"https:\/\/institutfrancais.sk\/wp-content\/uploads\/2024\/03\/IMG_2529A-scaled.jpg","width":2560,"height":1707},{"@type":"BreadcrumbList","@id":"https:\/\/institutfrancais.sk\/fr\/mediatheque\/informations-pratiques\/#breadcrumb","itemListElement":[{"@type":"ListItem","position":1,"name":"Home","item":"https:\/\/institutfrancais.sk\/fr\/"},{"@type":"ListItem","position":2,"name":"M\u00e9diath\u00e8que","item":"https:\/\/institutfrancais.sk\/fr\/mediatheque\/"},{"@type":"ListItem","position":3,"name":"Informations pratiques"}]},{"@type":"WebSite","@id":"https:\/\/institutfrancais.sk\/fr\/#website","url":"https:\/\/institutfrancais.sk\/fr\/","name":"Franc\u00fazsky in\u0161tit\u00fat na Slovensku","description":"Franc\u00fazsky in\u0161tit\u00fat na Slovensku","potentialAction":[{"@type":"SearchAction","target":{"@type":"EntryPoint","urlTemplate":"https:\/\/institutfrancais.sk\/fr\/?s={search_term_string}"},"query-input":{"@type":"PropertyValueSpecification","valueRequired":true,"valueName":"search_term_string"}}],"inLanguage":"fr-FR"}]}},"_links":{"self":[{"href":"https:\/\/institutfrancais.sk\/fr\/wp-json\/wp\/v2\/pages\/3665"}],"collection":[{"href":"https:\/\/institutfrancais.sk\/fr\/wp-json\/wp\/v2\/pages"}],"about":[{"href":"https:\/\/institutfrancais.sk\/fr\/wp-json\/wp\/v2\/types\/page"}],"author":[{"embeddable":true,"href":"https:\/\/institutfrancais.sk\/fr\/wp-json\/wp\/v2\/users\/1"}],"replies":[{"embeddable":true,"href":"https:\/\/institutfrancais.sk\/fr\/wp-json\/wp\/v2\/comments?post=3665"}],"version-history":[{"count":1,"href":"https:\/\/institutfrancais.sk\/fr\/wp-json\/wp\/v2\/pages\/3665\/revisions"}],"predecessor-version":[{"id":36347,"href":"https:\/\/institutfrancais.sk\/fr\/wp-json\/wp\/v2\/pages\/3665\/revisions\/36347"}],"up":[{"embeddable":true,"href":"https:\/\/institutfrancais.sk\/fr\/wp-json\/wp\/v2\/pages\/18942"}],"wp:featuredmedia":[{"embeddable":true,"href":"https:\/\/institutfrancais.sk\/fr\/wp-json\/wp\/v2\/media\/31432"}],"wp:attachment":[{"href":"https:\/\/institutfrancais.sk\/fr\/wp-json\/wp\/v2\/media?parent=3665"}],"curies":[{"name":"wp","href":"https:\/\/api.w.org\/{rel}","templated":true}]}}