{"id":3718,"date":"2020-02-04T10:58:07","date_gmt":"2020-02-04T09:58:07","guid":{"rendered":"https:\/\/institutfrancais.sk\/?page_id=3718"},"modified":"2023-01-12T17:06:28","modified_gmt":"2023-01-12T16:06:28","slug":"science-et-universite","status":"publish","type":"page","link":"https:\/\/institutfrancais.sk\/fr\/science-et-universite\/","title":{"rendered":"Science et universit\u00e9"},"content":{"rendered":"<div class=\"benefits row text-center\"><div class=\"col-6 col-sm-3\"><img decoding=\"async\" src=\"https:\/\/institutfrancais.sk\/wp-content\/uploads\/2020\/01\/science-ico2.png\"><div class=\"line-after-title\"><\/div><spa class=\"benefits-description\">Presque 3 millions d\u2019\u00e9tudiants dont 365&nbsp;000 \u00e9tudiants \u00e9trangers<\/span><\/div><div class=\"col-6 col-sm-3\"><img decoding=\"async\" src=\"https:\/\/institutfrancais.sk\/wp-content\/uploads\/2020\/01\/science-ico3.png\"><div class=\"line-after-title\"><\/div><spa class=\"benefits-description\">Plus de 3&nbsp;500 \u00e9tablissements d&rsquo;enseignement sup\u00e9rieur dont 74 universit\u00e9s<\/span><\/div><div class=\"col-6 col-sm-3\"><img decoding=\"async\" src=\"https:\/\/institutfrancais.sk\/wp-content\/uploads\/2020\/01\/science-ico4.png\"><div class=\"line-after-title\"><\/div><spa class=\"benefits-description\">4\u00e8me pays en termes de nombre de prix Nobel<\/span><\/div><\/div>\n\n<div class=\"space sm\"><\/div>\n\n<\/div><div class=\"more-info\" style=\"background-image:url(https:\/\/institutfrancais.sk\/wp-content\/uploads\/2020\/01\/science_lists.png)\"><div class=\"wrap\"><div class=\"container\"><div class=\"row\"><div class=\"item col-sm-6\"><a href=\"https:\/\/institutfrancais.sk\/fr\/science-et-universite\/etudes-superieures\/\"><span>\u00c9tudes sup\u00e9rieures<\/span><\/a><\/div><div class=\"item col-sm-6\"><a href=\"https:\/\/institutfrancais.sk\/fr\/science-et-universite\/cooperation-franco-slovaque\/\"><span>Coop\u00e9ration franco-slovaque<\/span><\/a><\/div><div class=\"item col-sm-6\"><a href=\"https:\/\/institutfrancais.sk\/fr\/science-et-universite\/bourses\/\"><span>Bourses<\/span><\/a><\/div><div class=\"item col-sm-6\"><a href=\"https:\/\/institutfrancais.sk\/fr\/appels-a-projets\/\"><span>Appels \u00e0 projets<\/span><\/a><\/div><\/div><\/div><\/div><\/div><div class=\"wrap narrow-wrap\">","protected":false},"excerpt":{"rendered":"","protected":false},"author":1,"featured_media":1925,"parent":0,"menu_order":2,"comment_status":"closed","ping_status":"closed","template":"template-science-university.php","meta":{"_acf_changed":false,"footnotes":""},"acf":[],"yoast_head":"<!-- This site is optimized with the Yoast SEO plugin v24.5 - https:\/\/yoast.com\/wordpress\/plugins\/seo\/ -->\n<title>Science et universit\u00e9 - Franc\u00fazsky in\u0161tit\u00fat na Slovensku<\/title>\n<meta name=\"robots\" content=\"index, follow, max-snippet:-1, max-image-preview:large, max-video-preview:-1\" \/>\n<link rel=\"canonical\" href=\"https:\/\/institutfrancais.sk\/fr\/science-et-universite\/\" \/>\n<meta property=\"og:locale\" content=\"fr_FR\" \/>\n<meta property=\"og:type\" content=\"article\" \/>\n<meta property=\"og:title\" content=\"Science et universit\u00e9 - Franc\u00fazsky in\u0161tit\u00fat na Slovensku\" \/>\n<meta property=\"og:url\" content=\"https:\/\/institutfrancais.sk\/fr\/science-et-universite\/\" \/>\n<meta property=\"og:site_name\" content=\"Franc\u00fazsky in\u0161tit\u00fat na Slovensku\" \/>\n<meta property=\"article:modified_time\" content=\"2023-01-12T16:06:28+00:00\" \/>\n<meta property=\"og:image\" content=\"https:\/\/institutfrancais.sk\/wp-content\/uploads\/2020\/01\/ifs-univerzity-header-photo-1.jpg\" \/>\n\t<meta property=\"og:image:width\" content=\"1441\" \/>\n\t<meta property=\"og:image:height\" content=\"640\" \/>\n\t<meta property=\"og:image:type\" content=\"image\/jpeg\" \/>\n<meta name=\"twitter:card\" content=\"summary_large_image\" \/>\n<script type=\"application\/ld+json\" class=\"yoast-schema-graph\">{\"@context\":\"https:\/\/schema.org\",\"@graph\":[{\"@type\":\"WebPage\",\"@id\":\"https:\/\/institutfrancais.sk\/fr\/science-et-universite\/\",\"url\":\"https:\/\/institutfrancais.sk\/fr\/science-et-universite\/\",\"name\":\"Science et universit\u00e9 - Franc\u00fazsky in\u0161tit\u00fat na Slovensku\",\"isPartOf\":{\"@id\":\"https:\/\/institutfrancais.sk\/fr\/#website\"},\"primaryImageOfPage\":{\"@id\":\"https:\/\/institutfrancais.sk\/fr\/science-et-universite\/#primaryimage\"},\"image\":{\"@id\":\"https:\/\/institutfrancais.sk\/fr\/science-et-universite\/#primaryimage\"},\"thumbnailUrl\":\"https:\/\/institutfrancais.sk\/wp-content\/uploads\/2020\/01\/ifs-univerzity-header-photo-1.jpg\",\"datePublished\":\"2020-02-04T09:58:07+00:00\",\"dateModified\":\"2023-01-12T16:06:28+00:00\",\"breadcrumb\":{\"@id\":\"https:\/\/institutfrancais.sk\/fr\/science-et-universite\/#breadcrumb\"},\"inLanguage\":\"fr-FR\",\"potentialAction\":[{\"@type\":\"ReadAction\",\"target\":[\"https:\/\/institutfrancais.sk\/fr\/science-et-universite\/\"]}]},{\"@type\":\"ImageObject\",\"inLanguage\":\"fr-FR\",\"@id\":\"https:\/\/institutfrancais.sk\/fr\/science-et-universite\/#primaryimage\",\"url\":\"https:\/\/institutfrancais.sk\/wp-content\/uploads\/2020\/01\/ifs-univerzity-header-photo-1.jpg\",\"contentUrl\":\"https:\/\/institutfrancais.sk\/wp-content\/uploads\/2020\/01\/ifs-univerzity-header-photo-1.jpg\",\"width\":1441,\"height\":640},{\"@type\":\"BreadcrumbList\",\"@id\":\"https:\/\/institutfrancais.sk\/fr\/science-et-universite\/#breadcrumb\",\"itemListElement\":[{\"@type\":\"ListItem\",\"position\":1,\"name\":\"Home\",\"item\":\"https:\/\/institutfrancais.sk\/fr\/\"},{\"@type\":\"ListItem\",\"position\":2,\"name\":\"Science et universit\u00e9\"}]},{\"@type\":\"WebSite\",\"@id\":\"https:\/\/institutfrancais.sk\/fr\/#website\",\"url\":\"https:\/\/institutfrancais.sk\/fr\/\",\"name\":\"Franc\u00fazsky in\u0161tit\u00fat na Slovensku\",\"description\":\"Franc\u00fazsky in\u0161tit\u00fat na Slovensku\",\"potentialAction\":[{\"@type\":\"SearchAction\",\"target\":{\"@type\":\"EntryPoint\",\"urlTemplate\":\"https:\/\/institutfrancais.sk\/fr\/?s={search_term_string}\"},\"query-input\":{\"@type\":\"PropertyValueSpecification\",\"valueRequired\":true,\"valueName\":\"search_term_string\"}}],\"inLanguage\":\"fr-FR\"}]}<\/script>\n<!-- \/ Yoast SEO plugin. -->","yoast_head_json":{"title":"Science et universit\u00e9 - Franc\u00fazsky in\u0161tit\u00fat na Slovensku","robots":{"index":"index","follow":"follow","max-snippet":"max-snippet:-1","max-image-preview":"max-image-preview:large","max-video-preview":"max-video-preview:-1"},"canonical":"https:\/\/institutfrancais.sk\/fr\/science-et-universite\/","og_locale":"fr_FR","og_type":"article","og_title":"Science et universit\u00e9 - Franc\u00fazsky in\u0161tit\u00fat na Slovensku","og_url":"https:\/\/institutfrancais.sk\/fr\/science-et-universite\/","og_site_name":"Franc\u00fazsky in\u0161tit\u00fat na Slovensku","article_modified_time":"2023-01-12T16:06:28+00:00","og_image":[{"width":1441,"height":640,"url":"https:\/\/institutfrancais.sk\/wp-content\/uploads\/2020\/01\/ifs-univerzity-header-photo-1.jpg","type":"image\/jpeg"}],"twitter_card":"summary_large_image","schema":{"@context":"https:\/\/schema.org","@graph":[{"@type":"WebPage","@id":"https:\/\/institutfrancais.sk\/fr\/science-et-universite\/","url":"https:\/\/institutfrancais.sk\/fr\/science-et-universite\/","name":"Science et universit\u00e9 - Franc\u00fazsky in\u0161tit\u00fat na Slovensku","isPartOf":{"@id":"https:\/\/institutfrancais.sk\/fr\/#website"},"primaryImageOfPage":{"@id":"https:\/\/institutfrancais.sk\/fr\/science-et-universite\/#primaryimage"},"image":{"@id":"https:\/\/institutfrancais.sk\/fr\/science-et-universite\/#primaryimage"},"thumbnailUrl":"https:\/\/institutfrancais.sk\/wp-content\/uploads\/2020\/01\/ifs-univerzity-header-photo-1.jpg","datePublished":"2020-02-04T09:58:07+00:00","dateModified":"2023-01-12T16:06:28+00:00","breadcrumb":{"@id":"https:\/\/institutfrancais.sk\/fr\/science-et-universite\/#breadcrumb"},"inLanguage":"fr-FR","potentialAction":[{"@type":"ReadAction","target":["https:\/\/institutfrancais.sk\/fr\/science-et-universite\/"]}]},{"@type":"ImageObject","inLanguage":"fr-FR","@id":"https:\/\/institutfrancais.sk\/fr\/science-et-universite\/#primaryimage","url":"https:\/\/institutfrancais.sk\/wp-content\/uploads\/2020\/01\/ifs-univerzity-header-photo-1.jpg","contentUrl":"https:\/\/institutfrancais.sk\/wp-content\/uploads\/2020\/01\/ifs-univerzity-header-photo-1.jpg","width":1441,"height":640},{"@type":"BreadcrumbList","@id":"https:\/\/institutfrancais.sk\/fr\/science-et-universite\/#breadcrumb","itemListElement":[{"@type":"ListItem","position":1,"name":"Home","item":"https:\/\/institutfrancais.sk\/fr\/"},{"@type":"ListItem","position":2,"name":"Science et universit\u00e9"}]},{"@type":"WebSite","@id":"https:\/\/institutfrancais.sk\/fr\/#website","url":"https:\/\/institutfrancais.sk\/fr\/","name":"Franc\u00fazsky in\u0161tit\u00fat na Slovensku","description":"Franc\u00fazsky in\u0161tit\u00fat na Slovensku","potentialAction":[{"@type":"SearchAction","target":{"@type":"EntryPoint","urlTemplate":"https:\/\/institutfrancais.sk\/fr\/?s={search_term_string}"},"query-input":{"@type":"PropertyValueSpecification","valueRequired":true,"valueName":"search_term_string"}}],"inLanguage":"fr-FR"}]}},"_links":{"self":[{"href":"https:\/\/institutfrancais.sk\/fr\/wp-json\/wp\/v2\/pages\/3718"}],"collection":[{"href":"https:\/\/institutfrancais.sk\/fr\/wp-json\/wp\/v2\/pages"}],"about":[{"href":"https:\/\/institutfrancais.sk\/fr\/wp-json\/wp\/v2\/types\/page"}],"author":[{"embeddable":true,"href":"https:\/\/institutfrancais.sk\/fr\/wp-json\/wp\/v2\/users\/1"}],"replies":[{"embeddable":true,"href":"https:\/\/institutfrancais.sk\/fr\/wp-json\/wp\/v2\/comments?post=3718"}],"version-history":[{"count":0,"href":"https:\/\/institutfrancais.sk\/fr\/wp-json\/wp\/v2\/pages\/3718\/revisions"}],"wp:featuredmedia":[{"embeddable":true,"href":"https:\/\/institutfrancais.sk\/fr\/wp-json\/wp\/v2\/media\/1925"}],"wp:attachment":[{"href":"https:\/\/institutfrancais.sk\/fr\/wp-json\/wp\/v2\/media?parent=3718"}],"curies":[{"name":"wp","href":"https:\/\/api.w.org\/{rel}","templated":true}]}}