{"id":4870,"date":"2020-02-06T16:27:12","date_gmt":"2020-02-06T15:27:12","guid":{"rendered":"https:\/\/institutfrancais.sk\/?page_id=4870"},"modified":"2020-02-06T16:29:28","modified_gmt":"2020-02-06T15:29:28","slug":"resultats-des-examens","status":"publish","type":"page","link":"https:\/\/institutfrancais.sk\/fr\/diplomes\/resultats-des-examens\/","title":{"rendered":"R\u00e9sultats des examens"},"content":{"rendered":"<\/div><div class=\"white-bg\"><div class=\"space sm\"><\/div><\/div><div class=\"wrap narrow-wrap\">\n\n\n<p>Pour en savoir plus sur les r\u00e9sultats de vos examens de fran\u00e7ais, nous vous prions de contacter Mme Dagmar Hamarov\u00e1 par mail <strong><a class=\"ready\" onclick=\"return false;\" href=\"#\">dagmar.hamarova@institutfrancais.sk<\/a><\/strong> ou par t\u00e9l\u00e9phone au +421&nbsp;2&nbsp;59&nbsp;34&nbsp;77&nbsp;35. <\/p>\n","protected":false},"excerpt":{"rendered":"<p>Pour en savoir plus sur les r\u00e9sultats de vos examens de fran\u00e7ais, nous vous prions de contacter Mme Dagmar Hamarov\u00e1 par mail dagmar.hamarova@institutfrancais.sk ou par t\u00e9l\u00e9phone au +421&nbsp;2&nbsp;59&nbsp;34&nbsp;77&nbsp;35.<\/p>\n","protected":false},"author":1,"featured_media":0,"parent":2093,"menu_order":0,"comment_status":"closed","ping_status":"closed","template":"","meta":{"_acf_changed":false,"footnotes":""},"acf":[],"yoast_head":"<!-- This site is optimized with the Yoast SEO plugin v24.5 - https:\/\/yoast.com\/wordpress\/plugins\/seo\/ -->\n<title>R\u00e9sultats des examens - Franc\u00fazsky in\u0161tit\u00fat na Slovensku<\/title>\n<meta name=\"robots\" content=\"index, follow, max-snippet:-1, max-image-preview:large, max-video-preview:-1\" \/>\n<link rel=\"canonical\" href=\"https:\/\/institutfrancais.sk\/fr\/diplomes\/resultats-des-examens\/\" \/>\n<meta property=\"og:locale\" content=\"fr_FR\" \/>\n<meta property=\"og:type\" content=\"article\" \/>\n<meta property=\"og:title\" content=\"R\u00e9sultats des examens - Franc\u00fazsky in\u0161tit\u00fat na Slovensku\" \/>\n<meta property=\"og:description\" content=\"Pour en savoir plus sur les r\u00e9sultats de vos examens de fran\u00e7ais, nous vous prions de contacter Mme Dagmar Hamarov\u00e1 par mail dagmar.hamarova@institutfrancais.sk ou par t\u00e9l\u00e9phone au +421&nbsp;2&nbsp;59&nbsp;34&nbsp;77&nbsp;35.\" \/>\n<meta property=\"og:url\" content=\"https:\/\/institutfrancais.sk\/fr\/diplomes\/resultats-des-examens\/\" \/>\n<meta property=\"og:site_name\" content=\"Franc\u00fazsky in\u0161tit\u00fat na Slovensku\" \/>\n<meta property=\"article:modified_time\" content=\"2020-02-06T15:29:28+00:00\" \/>\n<meta name=\"twitter:card\" content=\"summary_large_image\" \/>\n<script type=\"application\/ld+json\" class=\"yoast-schema-graph\">{\"@context\":\"https:\/\/schema.org\",\"@graph\":[{\"@type\":\"WebPage\",\"@id\":\"https:\/\/institutfrancais.sk\/fr\/diplomes\/resultats-des-examens\/\",\"url\":\"https:\/\/institutfrancais.sk\/fr\/diplomes\/resultats-des-examens\/\",\"name\":\"R\u00e9sultats des examens - Franc\u00fazsky in\u0161tit\u00fat na Slovensku\",\"isPartOf\":{\"@id\":\"https:\/\/institutfrancais.sk\/fr\/#website\"},\"datePublished\":\"2020-02-06T15:27:12+00:00\",\"dateModified\":\"2020-02-06T15:29:28+00:00\",\"breadcrumb\":{\"@id\":\"https:\/\/institutfrancais.sk\/fr\/diplomes\/resultats-des-examens\/#breadcrumb\"},\"inLanguage\":\"fr-FR\",\"potentialAction\":[{\"@type\":\"ReadAction\",\"target\":[\"https:\/\/institutfrancais.sk\/fr\/diplomes\/resultats-des-examens\/\"]}]},{\"@type\":\"BreadcrumbList\",\"@id\":\"https:\/\/institutfrancais.sk\/fr\/diplomes\/resultats-des-examens\/#breadcrumb\",\"itemListElement\":[{\"@type\":\"ListItem\",\"position\":1,\"name\":\"Home\",\"item\":\"https:\/\/institutfrancais.sk\/fr\/\"},{\"@type\":\"ListItem\",\"position\":2,\"name\":\"Dipl\u00f4mes\",\"item\":\"https:\/\/institutfrancais.sk\/fr\/diplomes\/\"},{\"@type\":\"ListItem\",\"position\":3,\"name\":\"R\u00e9sultats des examens\"}]},{\"@type\":\"WebSite\",\"@id\":\"https:\/\/institutfrancais.sk\/fr\/#website\",\"url\":\"https:\/\/institutfrancais.sk\/fr\/\",\"name\":\"Franc\u00fazsky in\u0161tit\u00fat na Slovensku\",\"description\":\"Franc\u00fazsky in\u0161tit\u00fat na Slovensku\",\"potentialAction\":[{\"@type\":\"SearchAction\",\"target\":{\"@type\":\"EntryPoint\",\"urlTemplate\":\"https:\/\/institutfrancais.sk\/fr\/?s={search_term_string}\"},\"query-input\":{\"@type\":\"PropertyValueSpecification\",\"valueRequired\":true,\"valueName\":\"search_term_string\"}}],\"inLanguage\":\"fr-FR\"}]}<\/script>\n<!-- \/ Yoast SEO plugin. -->","yoast_head_json":{"title":"R\u00e9sultats des examens - Franc\u00fazsky in\u0161tit\u00fat na Slovensku","robots":{"index":"index","follow":"follow","max-snippet":"max-snippet:-1","max-image-preview":"max-image-preview:large","max-video-preview":"max-video-preview:-1"},"canonical":"https:\/\/institutfrancais.sk\/fr\/diplomes\/resultats-des-examens\/","og_locale":"fr_FR","og_type":"article","og_title":"R\u00e9sultats des examens - Franc\u00fazsky in\u0161tit\u00fat na Slovensku","og_description":"Pour en savoir plus sur les r\u00e9sultats de vos examens de fran\u00e7ais, nous vous prions de contacter Mme Dagmar Hamarov\u00e1 par mail dagmar.hamarova@institutfrancais.sk ou par t\u00e9l\u00e9phone au +421&nbsp;2&nbsp;59&nbsp;34&nbsp;77&nbsp;35.","og_url":"https:\/\/institutfrancais.sk\/fr\/diplomes\/resultats-des-examens\/","og_site_name":"Franc\u00fazsky in\u0161tit\u00fat na Slovensku","article_modified_time":"2020-02-06T15:29:28+00:00","twitter_card":"summary_large_image","schema":{"@context":"https:\/\/schema.org","@graph":[{"@type":"WebPage","@id":"https:\/\/institutfrancais.sk\/fr\/diplomes\/resultats-des-examens\/","url":"https:\/\/institutfrancais.sk\/fr\/diplomes\/resultats-des-examens\/","name":"R\u00e9sultats des examens - Franc\u00fazsky in\u0161tit\u00fat na Slovensku","isPartOf":{"@id":"https:\/\/institutfrancais.sk\/fr\/#website"},"datePublished":"2020-02-06T15:27:12+00:00","dateModified":"2020-02-06T15:29:28+00:00","breadcrumb":{"@id":"https:\/\/institutfrancais.sk\/fr\/diplomes\/resultats-des-examens\/#breadcrumb"},"inLanguage":"fr-FR","potentialAction":[{"@type":"ReadAction","target":["https:\/\/institutfrancais.sk\/fr\/diplomes\/resultats-des-examens\/"]}]},{"@type":"BreadcrumbList","@id":"https:\/\/institutfrancais.sk\/fr\/diplomes\/resultats-des-examens\/#breadcrumb","itemListElement":[{"@type":"ListItem","position":1,"name":"Home","item":"https:\/\/institutfrancais.sk\/fr\/"},{"@type":"ListItem","position":2,"name":"Dipl\u00f4mes","item":"https:\/\/institutfrancais.sk\/fr\/diplomes\/"},{"@type":"ListItem","position":3,"name":"R\u00e9sultats des examens"}]},{"@type":"WebSite","@id":"https:\/\/institutfrancais.sk\/fr\/#website","url":"https:\/\/institutfrancais.sk\/fr\/","name":"Franc\u00fazsky in\u0161tit\u00fat na Slovensku","description":"Franc\u00fazsky in\u0161tit\u00fat na Slovensku","potentialAction":[{"@type":"SearchAction","target":{"@type":"EntryPoint","urlTemplate":"https:\/\/institutfrancais.sk\/fr\/?s={search_term_string}"},"query-input":{"@type":"PropertyValueSpecification","valueRequired":true,"valueName":"search_term_string"}}],"inLanguage":"fr-FR"}]}},"_links":{"self":[{"href":"https:\/\/institutfrancais.sk\/fr\/wp-json\/wp\/v2\/pages\/4870"}],"collection":[{"href":"https:\/\/institutfrancais.sk\/fr\/wp-json\/wp\/v2\/pages"}],"about":[{"href":"https:\/\/institutfrancais.sk\/fr\/wp-json\/wp\/v2\/types\/page"}],"author":[{"embeddable":true,"href":"https:\/\/institutfrancais.sk\/fr\/wp-json\/wp\/v2\/users\/1"}],"replies":[{"embeddable":true,"href":"https:\/\/institutfrancais.sk\/fr\/wp-json\/wp\/v2\/comments?post=4870"}],"version-history":[{"count":0,"href":"https:\/\/institutfrancais.sk\/fr\/wp-json\/wp\/v2\/pages\/4870\/revisions"}],"up":[{"embeddable":true,"href":"https:\/\/institutfrancais.sk\/fr\/wp-json\/wp\/v2\/pages\/2093"}],"wp:attachment":[{"href":"https:\/\/institutfrancais.sk\/fr\/wp-json\/wp\/v2\/media?parent=4870"}],"curies":[{"name":"wp","href":"https:\/\/api.w.org\/{rel}","templated":true}]}}